{"id":58,"date":"2020-02-09T12:52:32","date_gmt":"2020-02-09T12:52:32","guid":{"rendered":"https:\/\/daily-signals.com\/?page_id=58"},"modified":"2020-08-17T18:59:11","modified_gmt":"2020-08-17T18:59:11","slug":"terms-and-conditions","status":"publish","type":"page","link":"http:\/\/daily-signals.com\/es\/terms-and-conditions\/","title":{"rendered":"T\u00e9rminos y condiciones"},"content":{"rendered":"<div data-elementor-type=\"wp-page\" data-elementor-id=\"58\" class=\"elementor elementor-58\" data-elementor-post-type=\"page\">\n\t\t\t\t\t\t<section class=\"elementor-section elementor-top-section elementor-element elementor-element-b81cef1 elementor-section-boxed elementor-section-height-default elementor-section-height-default\" data-id=\"b81cef1\" data-element_type=\"section\">\n\t\t\t\t\t\t<div class=\"elementor-container elementor-column-gap-default\">\n\t\t\t\t\t<div class=\"elementor-column elementor-col-100 elementor-top-column elementor-element elementor-element-277a0f7\" data-id=\"277a0f7\" data-element_type=\"column\">\n\t\t\t<div class=\"elementor-widget-wrap elementor-element-populated\">\n\t\t\t\t\t\t<div class=\"elementor-element elementor-element-e7ecf5b elementor-widget elementor-widget-template\" data-id=\"e7ecf5b\" data-element_type=\"widget\" data-widget_type=\"template.default\">\n\t\t\t\t<div class=\"elementor-widget-container\">\n\t\t\t\t\t\t\t<div class=\"elementor-template\">\n\t\t\t\t\t<div data-elementor-type=\"section\" data-elementor-id=\"66\" class=\"elementor elementor-66\" data-elementor-post-type=\"elementor_library\">\n\t\t\t\t\t<header class=\"elementor-section elementor-top-section elementor-element elementor-element-35d1156d elementor-section-height-min-height elementor-section-stretched elementor-section-full_width elementor-section-items-stretch elementor-section-height-default\" data-id=\"35d1156d\" data-element_type=\"section\" data-settings=\"{&quot;background_background&quot;:&quot;classic&quot;,&quot;stretch_section&quot;:&quot;section-stretched&quot;}\">\n\t\t\t\t\t\t<div class=\"elementor-container elementor-column-gap-no\">\n\t\t\t\t\t<div class=\"elementor-column elementor-col-100 elementor-top-column elementor-element elementor-element-1f78ac5c\" data-id=\"1f78ac5c\" data-element_type=\"column\">\n\t\t\t<div class=\"elementor-widget-wrap elementor-element-populated\">\n\t\t\t\t\t\t<div class=\"elementor-element elementor-element-4544940e elementor-widget__width-inherit elementor-widget elementor-widget-text-editor\" data-id=\"4544940e\" data-element_type=\"widget\" data-widget_type=\"text-editor.default\">\n\t\t\t\t<div class=\"elementor-widget-container\">\n\t\t\t\t\t\t\t\t\t<p>Tu primera p\u00e1gina diaria<\/p>\t\t\t\t\t\t\t\t<\/div>\n\t\t\t\t<\/div>\n\t\t\t\t<div class=\"elementor-element elementor-element-2ac9a4ef elementor-widget elementor-widget-heading\" data-id=\"2ac9a4ef\" data-element_type=\"widget\" data-widget_type=\"heading.default\">\n\t\t\t\t<div class=\"elementor-widget-container\">\n\t\t\t\t\t<h1 class=\"elementor-heading-title elementor-size-default\"><a href=\"https:\/\/daily-signals.com\/es\/\">Las se\u00f1ales diarias<\/a><\/h1>\t\t\t\t<\/div>\n\t\t\t\t<\/div>\n\t\t\t\t\t<\/div>\n\t\t<\/div>\n\t\t\t\t\t<\/div>\n\t\t<\/header>\n\t\t\t\t<\/div>\n\t\t\t\t<\/div>\n\t\t\t\t\t\t<\/div>\n\t\t\t\t<\/div>\n\t\t\t\t<div class=\"elementor-element elementor-element-17498ca elementor-widget elementor-widget-heading\" data-id=\"17498ca\" data-element_type=\"widget\" data-widget_type=\"heading.default\">\n\t\t\t\t<div class=\"elementor-widget-container\">\n\t\t\t\t\t<h2 class=\"elementor-heading-title elementor-size-default\">T\u00e9rminos y condiciones<\/h2>\t\t\t\t<\/div>\n\t\t\t\t<\/div>\n\t\t\t\t<div class=\"elementor-element elementor-element-820a0a3 elementor-widget elementor-widget-wp-widget-text\" data-id=\"820a0a3\" data-element_type=\"widget\" data-widget_type=\"wp-widget-text.default\">\n\t\t\t\t<div class=\"elementor-widget-container\">\n\t\t\t\t\t\t\t\t<div class=\"textwidget\"><p>\u00a1Bienvenido a Daily-Signals.com!<\/p>\n<p>Estos t\u00e9rminos y condiciones describen las reglas y regulaciones para el uso del sitio web de Daily-Signals.com.<\/p>\n<p>Al acceder a este sitio web asumimos que acepta estos t\u00e9rminos y condiciones. No contin\u00fae utilizando el sitio web de Daily-Signals.com si no acepta aceptar todos los t\u00e9rminos y condiciones establecidos en esta p\u00e1gina.<br \/>\nAl registrarse en este sitio web, nos otorga un permiso irrevocable para ser contactado directamente por el equipo de este sitio, o por un tercero, y para ofrecerle bienes y \/ o servicios. Tambi\u00e9n acepta que el sitio puede utilizar sus datos personales, cookies o datos registrados para ofrecerle bienes y \/ o servicios adicionales. Estas ofertas pueden realizarse mediante llamada, correo electr\u00f3nico, mensaje de texto, anuncio (tambi\u00e9n conocido como campa\u00f1a de remarketing) o cualquier otro medio en funci\u00f3n de sus datos personales, las cookies utilizadas o los datos registrados.<\/p>\n<p>La siguiente terminolog\u00eda se aplica a estos T\u00e9rminos y condiciones, Declaraci\u00f3n de privacidad y Aviso de exenci\u00f3n de responsabilidad y todos los Acuerdos: &quot;Cliente&quot;, &quot;Usted&quot; y &quot;Su&quot; se refieren a usted, la persona que inicia sesi\u00f3n en este sitio web y cumple con los t\u00e9rminos y condiciones de la Compa\u00f1\u00eda. &quot;La Compa\u00f1\u00eda&quot;, &quot;Nosotros&quot;, &quot;Nosotros&quot;, &quot;Nuestro&quot; y &quot;Nosotros&quot;, se refiere a nuestra Compa\u00f1\u00eda. &quot;Parte&quot;, &quot;Partes&quot; o &quot;Nosotros&quot; se refiere tanto al Cliente como a nosotros mismos. Todos los t\u00e9rminos se refieren a la oferta, aceptaci\u00f3n y consideraci\u00f3n del pago necesario para llevar a cabo el proceso de nuestra asistencia al Cliente de la manera m\u00e1s apropiada con el prop\u00f3sito expreso de satisfacer las necesidades del Cliente con respecto a la prestaci\u00f3n de los servicios declarados por la Compa\u00f1\u00eda, de acuerdo con y sujeto a la ley vigente de Canad\u00e1. Cualquier uso de la terminolog\u00eda anterior u otras palabras en singular, plural, may\u00fasculas y \/ o \u00e9l \/ ella o ellos, se toman como intercambiables y, por lo tanto, se refieren a los mismos.<br \/>\n<strong>Galletas<\/strong><\/p>\n<p>Empleamos el uso de cookies. Al acceder al sitio web de Daily-Signals.com, usted acord\u00f3 utilizar cookies de acuerdo con la pol\u00edtica de privacidad de Daily-Signals.com.<\/p>\n<p>La mayor\u00eda de los sitios web interactivos utilizan cookies para permitirnos recuperar los detalles del usuario para cada visita. Nuestro sitio web utiliza cookies para habilitar la funcionalidad de ciertas \u00e1reas para facilitar a las personas que visitan nuestro sitio web y. Algunos de nuestros socios publicitarios \/ afiliados tambi\u00e9n pueden utilizar cookies.<br \/>\n<strong>Licencia<\/strong><\/p>\n<p>A menos que se indique lo contrario, Daily-Signals.com y \/ o sus licenciantes poseen los derechos de propiedad intelectual de todo el material en Daily-Signals.com. Todos los derechos de propiedad intelectual est\u00e1n reservados. Puede acceder a esto desde Daily-Signals.com para su uso personal sujeto a las restricciones establecidas en estos t\u00e9rminos y condiciones.<\/p>\n<p><strong>No debes:<\/strong><\/p>\n<p>Vuelva a publicar material de Daily-Signals.com<br \/>\nVender, alquilar o sublicenciar material de Daily-Signals.com<br \/>\nReproducir, duplicar o copiar material de Daily-Signals.com<br \/>\nRedistribuya el contenido de Daily-Signals.com.<\/p>\n<p>Este Acuerdo comenzar\u00e1 en la fecha del mismo.<\/p>\n<p>Partes de este sitio web ofrecen una oportunidad para que los usuarios publiquen e intercambien opiniones e informaci\u00f3n en ciertas \u00e1reas del sitio web. Daily-Signals.com no filtra, edita, publica o revisa los Comentarios antes de su presencia en el sitio web. Los comentarios no reflejan los puntos de vista y opiniones de Daily-Signals.com, sus agentes y \/ o afiliados. Los comentarios reflejan los puntos de vista y opiniones de la persona que publica sus puntos de vista y opiniones. En la medida permitida por las leyes aplicables, Daily-Signals.com no ser\u00e1 responsable de los Comentarios o de cualquier responsabilidad, da\u00f1os o gastos causados y \/ o sufridos como resultado de cualquier uso y \/ o publicaci\u00f3n y \/ o apariencia del Comentarios en este sitio web.<\/p>\n<p>Daily-Signals.com se reserva el derecho de monitorear todos los Comentarios y eliminar los Comentarios que puedan considerarse inapropiados, ofensivos o que incumplan estos T\u00e9rminos y Condiciones.<\/p>\n<p><strong>Usted garantiza y manifiesta que:<\/strong><\/p>\n<p>Tiene derecho a publicar los Comentarios en nuestro sitio web y tiene todas las licencias y consentimientos necesarios para hacerlo;<br \/>\nLos Comentarios no invaden ning\u00fan derecho de propiedad intelectual, incluidos, entre otros, los derechos de autor, patentes o marcas comerciales de terceros;<br \/>\nLos Comentarios no contienen ning\u00fan material difamatorio, calumnioso, ofensivo, indecente o ilegal que sea una invasi\u00f3n de la privacidad.<br \/>\nLos Comentarios no se utilizar\u00e1n para solicitar o promover negocios o actividades comerciales personalizadas o presentes o actividades ilegales.<\/p>\n<p>Por la presente, otorga a Daily-Signals.com una licencia no exclusiva para usar, reproducir, editar y autorizar a otros a usar, reproducir y editar cualquiera de sus Comentarios en todas y cada una de las formas, formatos o medios.<\/p>\n<p><strong>Promociones y Sorteos<\/strong><\/p>\n<p>A menos que se indique lo contrario en los T&amp;C espec\u00edficos de una promoci\u00f3n espec\u00edfica, los premios no son incrementales ni se transfieren de un per\u00edodo a otro (semana \/ mes), y no se eligen ganadores sustitutos.<\/p>\n<p>Todos los participantes deben tener m\u00e1s de 21 a\u00f1os.<\/p>\n<p>La informaci\u00f3n personal enviada debe ser correcta. Los datos falsos en cualquiera de los campos obligatorios del formulario descalificar\u00e1n al participante.<\/p>\n<p>Los ganadores ser\u00e1n notificados por tel\u00e9fono.<\/p>\n<p>Si no se puede localizar a un ganador de un premio (3 llamadas telef\u00f3nicas durante la semana posterior a su victoria), o si fue descalificado, se revocar\u00e1n sus premios \/ premios.<\/p>\n<p>Para premios tangibles, el costo de env\u00edo se cubrir\u00e1 hasta 15 USD por ganador. El sobrecoste correr\u00e1 a cargo de los usuarios.<\/p>\n<p>Los premios y condiciones de cualquier promoci\u00f3n pueden cambiar sin previo aviso. Al participar en cualquiera de las promociones, comprende que es su responsabilidad visitar esta p\u00e1gina de T&amp;C para verificar si hay actualizaciones.<\/p>\n<p><strong>Promoci\u00f3n semanal de art\u00edculos<\/strong><\/p>\n<p>Las entradas a los sorteos se pueden obtener enviando el formulario de participaci\u00f3n (uno por usuario) y pidiendo a los amigos que hagan clic en el enlace \u00fanico del participante o distribuyendo el enlace exclusivo de los usuarios en otros sitios web.<\/p>\n<p>Para calificar para ganar cualquiera de los premios en efectivo semanales, o los premios tangibles, el participante debe tener al menos 30 nuevas entradas en todos los d\u00edas de la semana.<\/p>\n<p>Cada participante recibir\u00e1 un premio (ebook), luego de enviar el formulario de participaci\u00f3n<\/p>\n<p><strong>Hiperv\u00ednculos a nuestro contenido<\/strong><\/p>\n<p>Las siguientes organizaciones pueden vincularse a nuestro sitio web sin aprobaci\u00f3n previa por escrito:<\/p>\n<p>Agencias gubernamentales;<br \/>\nLos motores de b\u00fasqueda;<br \/>\nOrganizaciones de noticias;<br \/>\nLos distribuidores de directorios en l\u00ednea pueden enlazar a nuestro sitio web de la misma manera que hacen hiperv\u00ednculos a los sitios web de otras empresas que figuran en la lista; y<br \/>\nEmpresas acreditadas de todo el sistema, excepto las organizaciones sin fines de lucro, los centros comerciales de caridad y los grupos de recaudaci\u00f3n de fondos de caridad que no pueden hacer hiperv\u00ednculos a nuestro sitio web.<\/p>\n<p>Estas organizaciones pueden enlazar a nuestra p\u00e1gina de inicio, a publicaciones oa otra informaci\u00f3n del sitio web siempre que el enlace: (a) no sea enga\u00f1oso de ninguna manera; (b) no implica falsamente patrocinio, respaldo o aprobaci\u00f3n de la parte vinculante y sus productos y \/ o servicios; y (c) encaja en el contexto del sitio de la parte vinculante.<\/p>\n<p>Podemos considerar y aprobar otras solicitudes de enlaces de los siguientes tipos de organizaciones:<\/p>\n<p>fuentes de informaci\u00f3n de consumidores y \/ o empresas com\u00fanmente conocidas;<br \/>\nsitios de la comunidad dot.com;<br \/>\nasociaciones u otros grupos que representan organizaciones ben\u00e9ficas;<br \/>\ndistribuidores de directorios en l\u00ednea;<br \/>\nportales de internet;<br \/>\nfirmas de contabilidad, derecho y consultor\u00eda; y<br \/>\ninstituciones educativas y asociaciones comerciales.<\/p>\n<p>Aprobaremos las solicitudes de enlace de estas organizaciones si decidimos que: (a) el enlace no nos har\u00eda vernos desfavorablemente a nosotros mismos ni a nuestras empresas acreditadas; (b) la organizaci\u00f3n no tiene registros negativos con nosotros; (c) el beneficio para nosotros de la visibilidad del hiperv\u00ednculo compensa la ausencia de Daily-Signals.com; y (d) el enlace est\u00e1 en el contexto de informaci\u00f3n general de recursos.<\/p>\n<p>Estas organizaciones pueden enlazar a nuestra p\u00e1gina de inicio siempre que el enlace: (a) no sea enga\u00f1oso de ninguna manera; (b) no implica falsamente patrocinio, respaldo o aprobaci\u00f3n de la parte vinculante y sus productos o servicios; y (c) encaja en el contexto del sitio de la parte vinculante.<\/p>\n<p>Si usted es una de las organizaciones enumeradas en el p\u00e1rrafo 2 anterior y est\u00e1 interesado en vincularse a nuestro sitio web, debe informarnos envi\u00e1ndonos un correo electr\u00f3nico; visite nuestra p\u00e1gina de contacto para obtener los datos de contacto actualizados.<\/p>\n<p>Incluya su nombre, el nombre de su organizaci\u00f3n, la informaci\u00f3n de contacto, as\u00ed como la URL de su sitio, una lista de las URL desde las que desea vincular a nuestro sitio web y una lista de las URL de nuestro sitio a las que le gustar\u00eda Enlace.<\/p>\n<p>Las organizaciones aprobadas pueden hacer hiperv\u00ednculos a nuestro sitio web de la siguiente manera:<\/p>\n<p>Mediante el uso de nuestra raz\u00f3n social; o<br \/>\nMediante el uso del localizador uniforme de recursos al que se vincula; o<br \/>\nMediante el uso de cualquier otra descripci\u00f3n de nuestro sitio web al que est\u00e9 vinculado que tenga sentido dentro del contexto y formato del contenido en el sitio de la parte vinculante.<\/p>\n<p>No se permitir\u00e1 el uso del logotipo de Daily-Signals.com u otras ilustraciones para vincular sin un acuerdo de licencia de marca registrada.<br \/>\n<strong>iFrames<\/strong><\/p>\n<p>Sin la aprobaci\u00f3n previa y el permiso por escrito, no puede crear marcos alrededor de nuestras p\u00e1ginas web que alteren de alguna manera la presentaci\u00f3n visual o la apariencia de nuestro sitio web.<br \/>\n<strong>Responsabilidad del contenido<\/strong><\/p>\n<p>No seremos responsables de ning\u00fan contenido que aparezca en su sitio web. Usted acepta protegernos y defendernos contra todas las reclamaciones que surjan en su sitio web. Ning\u00fan enlace (s) debe aparecer en ning\u00fan sitio web que pueda ser interpretado como difamatorio, obsceno o criminal, o que infrinja, de otra manera viole o defienda la infracci\u00f3n u otra violaci\u00f3n de derechos de terceros.<br \/>\n<strong>Reserva de derechos<\/strong><\/p>\n<p>Nos reservamos el derecho de solicitar que elimine todos los enlaces o cualquier enlace en particular a nuestro sitio web. Usted aprueba eliminar inmediatamente todos los enlaces a nuestro sitio web cuando lo solicite. Tambi\u00e9n nos reservamos el derecho de modificar estos t\u00e9rminos y condiciones y su pol\u00edtica de vinculaci\u00f3n en cualquier momento. Al vincular continuamente a nuestro sitio web, usted acepta estar vinculado y seguir estos t\u00e9rminos y condiciones de vinculaci\u00f3n.<br \/>\nEliminaci\u00f3n de enlaces de nuestro sitio web<\/p>\n<p>Si encuentra alg\u00fan enlace en nuestro sitio web que sea ofensivo por cualquier motivo, puede contactarnos e informarnos en cualquier momento. Consideraremos las solicitudes para eliminar enlaces, pero no estamos obligados a hacerlo ni a responderle directamente.<\/p>\n<p>No nos aseguramos de que la informaci\u00f3n en este sitio web sea correcta, no garantizamos su integridad o exactitud; ni nos comprometemos a garantizar que el sitio web permanezca disponible o que el material en el sitio web se mantenga actualizado.<br \/>\n<strong>Descargo de responsabilidad<\/strong><\/p>\n<p>La informaci\u00f3n contenida en este sitio web, incluidas las transmisiones de correo electr\u00f3nico, faxes, llamadas, SMS, mensajes terxt, mensajes de voz grabados y cualquier otro mensaje \/ medio asociado (en adelante, &quot;informaci\u00f3n&quot;) se proporciona \u00fanicamente con fines informativos y educativos. La informaci\u00f3n no debe interpretarse como un consejo de inversi\u00f3n \/ negociaci\u00f3n y no pretende ser una solicitud o recomendaci\u00f3n para comprar, vender o mantener los valores mencionados.<\/p>\n<p>Al usar este sitio, usted acepta que el sitio ni sus propietarios ser\u00e1n responsables de cualquier da\u00f1o o p\u00e9rdida que se produzca debido a su uso del sitio o la informaci\u00f3n que contiene.<\/p>\n<p>En la medida m\u00e1xima permitida por la ley aplicable, excluimos todas las representaciones, garant\u00edas y condiciones relacionadas con nuestro sitio web y el uso de este sitio web. Nada en este descargo de responsabilidad:<\/p>\n<p>limitar o excluir nuestra responsabilidad o la suya por muerte o lesiones personales;<br \/>\nlimitar o excluir nuestra responsabilidad o la suya por fraude o tergiversaci\u00f3n fraudulenta;<br \/>\nlimitar cualquiera de nuestras responsabilidades o las suyas de cualquier manera que no est\u00e9 permitida por la ley aplicable; o<br \/>\nexcluir cualquiera de nuestras responsabilidades o las suyas que no puedan estar excluidas seg\u00fan la ley aplicable.<br \/>\nLa informaci\u00f3n en el sitio web no es un consejo y no debe tratarse como tal.<br \/>\nNo seremos responsables ante usted con respecto a ninguna p\u00e9rdida o da\u00f1o especial, indirecto o consecuente.<\/p>\n<p>Las limitaciones y prohibiciones de responsabilidad establecidas en esta Secci\u00f3n y en otras partes de este descargo de responsabilidad: (a) est\u00e1n sujetas al p\u00e1rrafo anterior; y (b) regir\u00e1 todas las responsabilidades que surjan en virtud de la exenci\u00f3n de responsabilidad, incluidas las responsabilidades que surjan en el contrato, en agravio y por incumplimiento de la obligaci\u00f3n legal.<\/p>\n<p>Siempre que el sitio web y la informaci\u00f3n y los servicios en el sitio web se proporcionen de forma gratuita, no seremos responsables de ninguna p\u00e9rdida o da\u00f1o de cualquier naturaleza.<\/p>\n<\/div>\n\t\t\t\t\t\t<\/div>\n\t\t\t\t<\/div>\n\t\t\t\t\t<\/div>\n\t\t<\/div>\n\t\t\t\t\t<\/div>\n\t\t<\/section>\n\t\t\t\t<\/div>","protected":false},"excerpt":{"rendered":"<p>T\u00e9rminos y condiciones<\/p>","protected":false},"author":1,"featured_media":0,"parent":0,"menu_order":0,"comment_status":"closed","ping_status":"closed","template":"elementor_header_footer","meta":{"footnotes":""},"class_list":["post-58","page","type-page","status-publish","hentry","entry"],"yoast_head":"<!-- This site is optimized with the Yoast SEO plugin v25.6 - https:\/\/yoast.com\/wordpress\/plugins\/seo\/ -->\n<title>Terms and Conditions - Your Trading Signals Daily Page<\/title>\n<meta name=\"robots\" content=\"index, follow, max-snippet:-1, max-image-preview:large, max-video-preview:-1\" \/>\n<link rel=\"canonical\" href=\"https:\/\/daily-signals.com\/es\/terms-and-conditions\/\" \/>\n<meta property=\"og:locale\" content=\"es_ES\" \/>\n<meta property=\"og:type\" content=\"article\" \/>\n<meta property=\"og:title\" content=\"Terms and Conditions - Your Trading Signals Daily Page\" \/>\n<meta property=\"og:description\" content=\"Terms and Conditions\" \/>\n<meta property=\"og:url\" content=\"https:\/\/daily-signals.com\/es\/terms-and-conditions\/\" \/>\n<meta property=\"og:site_name\" content=\"Your Trading Signals Daily Page\" \/>\n<meta property=\"article:modified_time\" content=\"2020-08-17T18:59:11+00:00\" \/>\n<meta name=\"twitter:card\" content=\"summary_large_image\" \/>\n<script type=\"application\/ld+json\" class=\"yoast-schema-graph\">{\"@context\":\"https:\/\/schema.org\",\"@graph\":[{\"@type\":\"WebPage\",\"@id\":\"https:\/\/daily-signals.com\/terms-and-conditions\/\",\"url\":\"https:\/\/daily-signals.com\/terms-and-conditions\/\",\"name\":\"Terms and Conditions - Your Trading Signals Daily Page\",\"isPartOf\":{\"@id\":\"https:\/\/daily-signals.com\/#website\"},\"datePublished\":\"2020-02-09T12:52:32+00:00\",\"dateModified\":\"2020-08-17T18:59:11+00:00\",\"breadcrumb\":{\"@id\":\"https:\/\/daily-signals.com\/terms-and-conditions\/#breadcrumb\"},\"inLanguage\":\"es\",\"potentialAction\":[{\"@type\":\"ReadAction\",\"target\":[\"https:\/\/daily-signals.com\/terms-and-conditions\/\"]}]},{\"@type\":\"BreadcrumbList\",\"@id\":\"https:\/\/daily-signals.com\/terms-and-conditions\/#breadcrumb\",\"itemListElement\":[{\"@type\":\"ListItem\",\"position\":1,\"name\":\"Home\",\"item\":\"https:\/\/daily-signals.com\/\"},{\"@type\":\"ListItem\",\"position\":2,\"name\":\"Terms and Conditions\"}]},{\"@type\":\"WebSite\",\"@id\":\"https:\/\/daily-signals.com\/#website\",\"url\":\"https:\/\/daily-signals.com\/\",\"name\":\"Your Trading Signals Daily Page\",\"description\":\"Your Trading Signals Daily Page\",\"publisher\":{\"@id\":\"https:\/\/daily-signals.com\/#organization\"},\"potentialAction\":[{\"@type\":\"SearchAction\",\"target\":{\"@type\":\"EntryPoint\",\"urlTemplate\":\"https:\/\/daily-signals.com\/?s={search_term_string}\"},\"query-input\":{\"@type\":\"PropertyValueSpecification\",\"valueRequired\":true,\"valueName\":\"search_term_string\"}}],\"inLanguage\":\"es\"},{\"@type\":\"Organization\",\"@id\":\"https:\/\/daily-signals.com\/#organization\",\"name\":\"Daily Trading Signals\",\"url\":\"https:\/\/daily-signals.com\/\",\"logo\":{\"@type\":\"ImageObject\",\"inLanguage\":\"es\",\"@id\":\"https:\/\/daily-signals.com\/#\/schema\/logo\/image\/\",\"url\":\"https:\/\/daily-signals.com\/wp-content\/uploads\/2020\/02\/trading-daily-signals-logo-2.png\",\"contentUrl\":\"https:\/\/daily-signals.com\/wp-content\/uploads\/2020\/02\/trading-daily-signals-logo-2.png\",\"width\":200,\"height\":200,\"caption\":\"Daily Trading Signals\"},\"image\":{\"@id\":\"https:\/\/daily-signals.com\/#\/schema\/logo\/image\/\"}}]}<\/script>\n<!-- \/ Yoast SEO plugin. -->","yoast_head_json":{"title":"Terms and Conditions - Your Trading Signals Daily Page","robots":{"index":"index","follow":"follow","max-snippet":"max-snippet:-1","max-image-preview":"max-image-preview:large","max-video-preview":"max-video-preview:-1"},"canonical":"https:\/\/daily-signals.com\/es\/terms-and-conditions\/","og_locale":"es_ES","og_type":"article","og_title":"Terms and Conditions - Your Trading Signals Daily Page","og_description":"Terms and Conditions","og_url":"https:\/\/daily-signals.com\/es\/terms-and-conditions\/","og_site_name":"Your Trading Signals Daily Page","article_modified_time":"2020-08-17T18:59:11+00:00","twitter_card":"summary_large_image","schema":{"@context":"https:\/\/schema.org","@graph":[{"@type":"WebPage","@id":"https:\/\/daily-signals.com\/terms-and-conditions\/","url":"https:\/\/daily-signals.com\/terms-and-conditions\/","name":"Terms and Conditions - Your Trading Signals Daily Page","isPartOf":{"@id":"https:\/\/daily-signals.com\/#website"},"datePublished":"2020-02-09T12:52:32+00:00","dateModified":"2020-08-17T18:59:11+00:00","breadcrumb":{"@id":"https:\/\/daily-signals.com\/terms-and-conditions\/#breadcrumb"},"inLanguage":"es","potentialAction":[{"@type":"ReadAction","target":["https:\/\/daily-signals.com\/terms-and-conditions\/"]}]},{"@type":"BreadcrumbList","@id":"https:\/\/daily-signals.com\/terms-and-conditions\/#breadcrumb","itemListElement":[{"@type":"ListItem","position":1,"name":"Home","item":"https:\/\/daily-signals.com\/"},{"@type":"ListItem","position":2,"name":"Terms and Conditions"}]},{"@type":"WebSite","@id":"https:\/\/daily-signals.com\/#website","url":"https:\/\/daily-signals.com\/","name":"Su p\u00e1gina diaria de se\u00f1ales comerciales","description":"Su p\u00e1gina diaria de se\u00f1ales comerciales","publisher":{"@id":"https:\/\/daily-signals.com\/#organization"},"potentialAction":[{"@type":"SearchAction","target":{"@type":"EntryPoint","urlTemplate":"https:\/\/daily-signals.com\/?s={search_term_string}"},"query-input":{"@type":"PropertyValueSpecification","valueRequired":true,"valueName":"search_term_string"}}],"inLanguage":"es"},{"@type":"Organization","@id":"https:\/\/daily-signals.com\/#organization","name":"Daily Trading Signals","url":"https:\/\/daily-signals.com\/","logo":{"@type":"ImageObject","inLanguage":"es","@id":"https:\/\/daily-signals.com\/#\/schema\/logo\/image\/","url":"https:\/\/daily-signals.com\/wp-content\/uploads\/2020\/02\/trading-daily-signals-logo-2.png","contentUrl":"https:\/\/daily-signals.com\/wp-content\/uploads\/2020\/02\/trading-daily-signals-logo-2.png","width":200,"height":200,"caption":"Daily Trading Signals"},"image":{"@id":"https:\/\/daily-signals.com\/#\/schema\/logo\/image\/"}}]}},"_links":{"self":[{"href":"http:\/\/daily-signals.com\/es\/wp-json\/wp\/v2\/pages\/58","targetHints":{"allow":["GET"]}}],"collection":[{"href":"http:\/\/daily-signals.com\/es\/wp-json\/wp\/v2\/pages"}],"about":[{"href":"http:\/\/daily-signals.com\/es\/wp-json\/wp\/v2\/types\/page"}],"author":[{"embeddable":true,"href":"http:\/\/daily-signals.com\/es\/wp-json\/wp\/v2\/users\/1"}],"replies":[{"embeddable":true,"href":"http:\/\/daily-signals.com\/es\/wp-json\/wp\/v2\/comments?post=58"}],"version-history":[{"count":0,"href":"http:\/\/daily-signals.com\/es\/wp-json\/wp\/v2\/pages\/58\/revisions"}],"wp:attachment":[{"href":"http:\/\/daily-signals.com\/es\/wp-json\/wp\/v2\/media?parent=58"}],"curies":[{"name":"wp","href":"https:\/\/api.w.org\/{rel}","templated":true}]}}