{"id":58,"date":"2020-02-09T12:52:32","date_gmt":"2020-02-09T12:52:32","guid":{"rendered":"https:\/\/daily-signals.com\/?page_id=58"},"modified":"2020-08-17T18:59:11","modified_gmt":"2020-08-17T18:59:11","slug":"terms-and-conditions","status":"publish","type":"page","link":"https:\/\/daily-signals.com\/de\/terms-and-conditions\/","title":{"rendered":"Gesch\u00e4ftsbedingungen"},"content":{"rendered":"<div data-elementor-type=\"wp-page\" data-elementor-id=\"58\" class=\"elementor elementor-58\" data-elementor-post-type=\"page\">\n\t\t\t\t\t\t<section class=\"elementor-section elementor-top-section elementor-element elementor-element-b81cef1 elementor-section-boxed elementor-section-height-default elementor-section-height-default\" data-id=\"b81cef1\" data-element_type=\"section\">\n\t\t\t\t\t\t<div class=\"elementor-container elementor-column-gap-default\">\n\t\t\t\t\t<div class=\"elementor-column elementor-col-100 elementor-top-column elementor-element elementor-element-277a0f7\" data-id=\"277a0f7\" data-element_type=\"column\">\n\t\t\t<div class=\"elementor-widget-wrap elementor-element-populated\">\n\t\t\t\t\t\t<div class=\"elementor-element elementor-element-e7ecf5b elementor-widget elementor-widget-template\" data-id=\"e7ecf5b\" data-element_type=\"widget\" data-widget_type=\"template.default\">\n\t\t\t\t<div class=\"elementor-widget-container\">\n\t\t\t\t\t\t\t<div class=\"elementor-template\">\n\t\t\t\t\t<div data-elementor-type=\"section\" data-elementor-id=\"66\" class=\"elementor elementor-66\" data-elementor-post-type=\"elementor_library\">\n\t\t\t\t\t<header class=\"elementor-section elementor-top-section elementor-element elementor-element-35d1156d elementor-section-height-min-height elementor-section-stretched elementor-section-full_width elementor-section-items-stretch elementor-section-height-default\" data-id=\"35d1156d\" data-element_type=\"section\" data-settings=\"{&quot;background_background&quot;:&quot;classic&quot;,&quot;stretch_section&quot;:&quot;section-stretched&quot;}\">\n\t\t\t\t\t\t<div class=\"elementor-container elementor-column-gap-no\">\n\t\t\t\t\t<div class=\"elementor-column elementor-col-100 elementor-top-column elementor-element elementor-element-1f78ac5c\" data-id=\"1f78ac5c\" data-element_type=\"column\">\n\t\t\t<div class=\"elementor-widget-wrap elementor-element-populated\">\n\t\t\t\t\t\t<div class=\"elementor-element elementor-element-4544940e elementor-widget__width-inherit elementor-widget elementor-widget-text-editor\" data-id=\"4544940e\" data-element_type=\"widget\" data-widget_type=\"text-editor.default\">\n\t\t\t\t<div class=\"elementor-widget-container\">\n\t\t\t\t\t\t\t\t\t<p>Ihre t\u00e4gliche erste Seite<\/p>\t\t\t\t\t\t\t\t<\/div>\n\t\t\t\t<\/div>\n\t\t\t\t<div class=\"elementor-element elementor-element-2ac9a4ef elementor-widget elementor-widget-heading\" data-id=\"2ac9a4ef\" data-element_type=\"widget\" data-widget_type=\"heading.default\">\n\t\t\t\t<div class=\"elementor-widget-container\">\n\t\t\t\t\t<h1 class=\"elementor-heading-title elementor-size-default\"><a href=\"https:\/\/daily-signals.com\/de\/\">Die t\u00e4glichen Signale<\/a><\/h1>\t\t\t\t<\/div>\n\t\t\t\t<\/div>\n\t\t\t\t\t<\/div>\n\t\t<\/div>\n\t\t\t\t\t<\/div>\n\t\t<\/header>\n\t\t\t\t<\/div>\n\t\t\t\t<\/div>\n\t\t\t\t\t\t<\/div>\n\t\t\t\t<\/div>\n\t\t\t\t<div class=\"elementor-element elementor-element-17498ca elementor-widget elementor-widget-heading\" data-id=\"17498ca\" data-element_type=\"widget\" data-widget_type=\"heading.default\">\n\t\t\t\t<div class=\"elementor-widget-container\">\n\t\t\t\t\t<h2 class=\"elementor-heading-title elementor-size-default\">Gesch\u00e4ftsbedingungen<\/h2>\t\t\t\t<\/div>\n\t\t\t\t<\/div>\n\t\t\t\t<div class=\"elementor-element elementor-element-820a0a3 elementor-widget elementor-widget-wp-widget-text\" data-id=\"820a0a3\" data-element_type=\"widget\" data-widget_type=\"wp-widget-text.default\">\n\t\t\t\t<div class=\"elementor-widget-container\">\n\t\t\t\t\t\t\t\t<div class=\"textwidget\"><p>Willkommen bei Daily-Signals.com!<\/p>\n<p>Diese Allgemeinen Gesch\u00e4ftsbedingungen enthalten die Regeln und Vorschriften f\u00fcr die Nutzung der Website von Daily-Signals.com.<\/p>\n<p>Durch den Zugriff auf diese Website gehen wir davon aus, dass Sie diese Allgemeinen Gesch\u00e4ftsbedingungen akzeptieren. Verwenden Sie die Website von Daily-Signals.com nicht weiter, wenn Sie nicht einverstanden sind, alle auf dieser Seite aufgef\u00fchrten Bedingungen zu akzeptieren.<br \/>\nDurch die Registrierung auf dieser Website erteilen Sie uns die unumst\u00f6\u00dfliche Erlaubnis, direkt von diesem Site-Team oder von Dritten kontaktiert zu werden und Waren und \/ oder Dienstleistungen anzubieten. Sie erkl\u00e4ren sich auch damit einverstanden, dass die Website Ihre pers\u00f6nlichen Daten, Cookies oder protokollierten Daten verwendet, um Ihnen zus\u00e4tzliche Waren und \/ oder Dienstleistungen anzubieten. Diese Angebote k\u00f6nnen per Anruf, E-Mail, SMS, Anzeige (AKA-Remarketing-Kampagne) oder auf andere Weise abgegeben werden, basierend auf Ihren pers\u00f6nlichen Daten, verwendeten Cookies oder protokollierten Daten.<\/p>\n<p>Die folgende Terminologie gilt f\u00fcr diese Allgemeinen Gesch\u00e4ftsbedingungen, die Datenschutzerkl\u00e4rung und den Haftungsausschluss sowie alle Vereinbarungen: &quot;Kunde&quot;, &quot;Sie&quot; und &quot;Ihr&quot; beziehen sich auf Sie, die Person, die sich auf dieser Website anmeldet und den Gesch\u00e4ftsbedingungen des Unternehmens entspricht. &quot;Das Unternehmen&quot;, &quot;Wir selbst&quot;, &quot;Wir&quot;, &quot;Unser&quot; und &quot;Wir&quot; beziehen sich auf unser Unternehmen. &quot;Partei&quot;, &quot;Parteien&quot; oder &quot;Wir&quot; bezieht sich sowohl auf den Kunden als auch auf uns. Alle Bedingungen beziehen sich auf das Angebot, die Annahme und die Gegenleistung der Zahlung, die erforderlich sind, um den Prozess unserer Unterst\u00fctzung f\u00fcr den Kunden in der am besten geeigneten Weise durchzuf\u00fchren, um ausdr\u00fccklich die Bed\u00fcrfnisse des Kunden in Bezug auf die Erbringung der angegebenen Dienstleistungen des Unternehmens gem\u00e4\u00df zu erf\u00fcllen und vorbehaltlich des geltenden kanadischen Rechts. Jede Verwendung der obigen Terminologie oder anderer W\u00f6rter im Singular, Plural, Gro\u00df- und Kleinschreibung und \/ oder er \/ sie oder sie wird als austauschbar angesehen und bezieht sich daher auf diese.<br \/>\n<strong>Kekse<\/strong><\/p>\n<p>Wir verwenden Cookies. Durch den Zugriff auf die Website von Daily-Signals.com haben Sie zugestimmt, Cookies in \u00dcbereinstimmung mit den Datenschutzbestimmungen von Daily-Signals.com zu verwenden.<\/p>\n<p>Die meisten interaktiven Websites verwenden Cookies, damit wir die Benutzerdaten f\u00fcr jeden Besuch abrufen k\u00f6nnen. Cookies werden von unserer Website verwendet, um die Funktionalit\u00e4t bestimmter Bereiche zu erm\u00f6glichen und den Besuchern unserer Website und zu erleichtern. Einige unserer Partner \/ Werbepartner verwenden m\u00f6glicherweise auch Cookies.<br \/>\n<strong>Lizenz<\/strong><\/p>\n<p>Sofern nicht anders angegeben, besitzen Daily-Signals.com und \/ oder seine Lizenzgeber die Rechte an geistigem Eigentum f\u00fcr alle Materialien auf Daily-Signals.com. Alle Rechte an geistigem Eigentum sind vorbehalten. Sie k\u00f6nnen \u00fcber Daily-Signals.com f\u00fcr Ihren pers\u00f6nlichen Gebrauch darauf zugreifen, sofern in diesen Nutzungsbedingungen Einschr\u00e4nkungen festgelegt sind.<\/p>\n<p><strong>Du darfst nicht:<\/strong><\/p>\n<p>Ver\u00f6ffentlichen Sie Material von Daily-Signals.com erneut<br \/>\nVerkaufen, vermieten oder unterlizenzieren Sie Material von Daily-Signals.com<br \/>\nReproduzieren, duplizieren oder kopieren Sie Material von Daily-Signals.com<br \/>\nVerteilen Sie Inhalte von Daily-Signals.com neu.<\/p>\n<p>Diese Vereinbarung beginnt mit dem Datum dieser Vereinbarung.<\/p>\n<p>Teile dieser Website bieten Benutzern die M\u00f6glichkeit, Meinungen und Informationen in bestimmten Bereichen der Website zu ver\u00f6ffentlichen und auszutauschen. Daily-Signals.com filtert, bearbeitet, ver\u00f6ffentlicht oder \u00fcberpr\u00fcft Kommentare nicht, bevor sie auf der Website vorhanden sind. Kommentare spiegeln nicht die Ansichten und Meinungen von Daily-Signals.com, seinen Vertretern und \/ oder verbundenen Unternehmen wider. Kommentare spiegeln die Ansichten und Meinungen der Person wider, die ihre Ansichten und Meinungen ver\u00f6ffentlicht. Soweit dies nach geltendem Recht zul\u00e4ssig ist, haftet Daily-Signals.com nicht f\u00fcr die Kommentare oder f\u00fcr Haftung, Sch\u00e4den oder Kosten, die durch die Verwendung und \/ oder Ver\u00f6ffentlichung von und \/ oder das Erscheinen von entstehen und \/ oder entstehen Kommentare auf dieser Website.<\/p>\n<p>Daily-Signals.com beh\u00e4lt sich das Recht vor, alle Kommentare zu \u00fcberwachen und Kommentare zu entfernen, die als unangemessen, anst\u00f6\u00dfig oder als Versto\u00df gegen diese Allgemeinen Gesch\u00e4ftsbedingungen angesehen werden k\u00f6nnen.<\/p>\n<p><strong>Sie garantieren und vertreten Folgendes:<\/strong><\/p>\n<p>Sie sind berechtigt, die Kommentare auf unserer Website zu ver\u00f6ffentlichen und verf\u00fcgen \u00fcber alle erforderlichen Lizenzen und Einwilligungen, um dies zu tun.<br \/>\nDie Kommentare verletzen kein Recht an geistigem Eigentum, einschlie\u00dflich, jedoch nicht beschr\u00e4nkt auf Urheberrechte, Patente oder Marken Dritter.<br \/>\nDie Kommentare enthalten kein diffamierendes, verleumderisches, beleidigendes, unanst\u00e4ndiges oder anderweitig rechtswidriges Material, das eine Verletzung der Privatsph\u00e4re darstellt<br \/>\nDie Kommentare werden nicht dazu verwendet, gesch\u00e4ftliche oder kundenspezifische Aktivit\u00e4ten zu werben oder zu f\u00f6rdern oder kommerzielle Aktivit\u00e4ten oder rechtswidrige Aktivit\u00e4ten zu pr\u00e4sentieren.<\/p>\n<p>Sie erteilen Daily-Signals.com hiermit eine nicht exklusive Lizenz zur Nutzung, Reproduktion, Bearbeitung und Autorisierung anderer zur Nutzung, Reproduktion und Bearbeitung Ihrer Kommentare in allen Formen, Formaten oder Medien.<\/p>\n<p><strong>Promotions und Draws<\/strong><\/p>\n<p>Sofern in den spezifischen AGB einer bestimmten Aktion nicht anders angegeben, werden die Preise weder inkrementell noch von Zeitraum zu Zeitraum (Woche \/ Monat) verl\u00e4ngert, und es werden keine Ersatzgewinner ausgew\u00e4hlt.<\/p>\n<p>Alle Teilnehmer m\u00fcssen +21 Jahre alt sein.<\/p>\n<p>Pers\u00f6nlich \u00fcbermittelte Informationen m\u00fcssen korrekt sein. Falsche Daten in einem der erforderlichen Formularfelder disqualifizieren den Teilnehmer.<\/p>\n<p>Die Gewinner werden telefonisch benachrichtigt.<\/p>\n<p>Wenn ein Gewinner eines Preises nicht erreicht werden kann (3 Telefonanrufe in der Woche nach seinem Gewinn) oder disqualifiziert wurde, wird sein Gewinn \/ seine Preise widerrufen.<\/p>\n<p>F\u00fcr konkrete Preise werden die Versandkosten bis zu 15 USD pro Gewinner \u00fcbernommen. \u00dcberh\u00f6hte Kosten gehen zu Lasten der Benutzer.<\/p>\n<p>Preise und Bedingungen einer Aktion k\u00f6nnen ohne vorherige Ank\u00fcndigung ge\u00e4ndert werden. Wenn Sie an einer der Werbeaktionen teilnehmen, verstehen Sie, dass es in Ihrer Verantwortung liegt, diese Seite der AGB zu besuchen, um nach Updates zu suchen.<\/p>\n<p><strong>W\u00f6chentliche Artikelwerbung<\/strong><\/p>\n<p>Die Teilnahme an den Verlosungen kann durch Absenden des teilnehmenden Formulars (eines pro Benutzer) und durch Aufforderung an Freunde erfolgen, auf den eindeutigen Link des Teilnehmers zu klicken und den eindeutigen Link des Benutzers auf anderen Websites zu verteilen.<\/p>\n<p>Um sich f\u00fcr einen Gewinn eines der w\u00f6chentlichen Geldpreise oder der materiellen Preise zu qualifizieren, muss der Teilnehmer an jedem Wochentag mindestens 30 neue Beitr\u00e4ge haben<\/p>\n<p>Jeder Teilnehmer erh\u00e4lt nach dem Absenden des Teilnehmerformulars einen Preis (E-Book)<\/p>\n<p><strong>Hyperlink zu unseren Inhalten<\/strong><\/p>\n<p>Die folgenden Organisationen k\u00f6nnen ohne vorherige schriftliche Genehmigung auf unsere Website verlinken:<\/p>\n<p>Regierungsbeh\u00f6rden;<br \/>\nSuchmaschinen;<br \/>\nNachrichtenorganisationen;<br \/>\nOnline-Verzeichnisverteiler k\u00f6nnen auf dieselbe Weise auf unsere Website verlinken wie auf Websites anderer b\u00f6rsennotierter Unternehmen. und<br \/>\nSystemweit akkreditierte Unternehmen, mit Ausnahme der Anwerbung von gemeinn\u00fctzigen Organisationen, Einkaufszentren f\u00fcr Wohlt\u00e4tigkeitszwecke und Spendengruppen f\u00fcr Wohlt\u00e4tigkeitszwecke, die m\u00f6glicherweise keinen Hyperlink zu unserer Website enthalten.<\/p>\n<p>Diese Organisationen k\u00f6nnen auf unsere Homepage, auf Ver\u00f6ffentlichungen oder auf andere Website-Informationen verlinken, solange der Link: (a) in keiner Weise t\u00e4uscht; (b) bedeutet nicht f\u00e4lschlicherweise Sponsoring, Billigung oder Genehmigung der verbindenden Partei und ihrer Produkte und \/ oder Dienstleistungen; und (c) in den Kontext der Website der Linkpartei passt.<\/p>\n<p>Wir k\u00f6nnen andere Linkanfragen von folgenden Arten von Organisationen pr\u00fcfen und genehmigen:<\/p>\n<p>allgemein bekannte Verbraucher- und \/ oder Gesch\u00e4ftsinformationsquellen;<br \/>\ndot.com Community-Websites;<br \/>\nVereinigungen oder andere Gruppen, die Wohlt\u00e4tigkeitsorganisationen vertreten;<br \/>\nOnline-Verzeichnisverteiler;<br \/>\nInternetportale;<br \/>\nWirtschaftspr\u00fcfungs-, Rechts- und Beratungsunternehmen; und<br \/>\nBildungseinrichtungen und Fachverb\u00e4nde.<\/p>\n<p>Wir werden Linkanfragen von diesen Organisationen genehmigen, wenn wir entscheiden, dass: (a) der Link uns nicht ung\u00fcnstig f\u00fcr uns selbst oder unsere akkreditierten Unternehmen erscheinen l\u00e4sst; (b) die Organisation hat keine negativen Aufzeichnungen bei uns; (c) der Nutzen der Sichtbarkeit des Hyperlinks f\u00fcr uns kompensiert das Fehlen von Daily-Signals.com; und (d) die Verkn\u00fcpfung steht im Kontext allgemeiner Ressourceninformationen.<\/p>\n<p>Diese Organisationen d\u00fcrfen auf unsere Homepage verlinken, solange der Link: (a) in keiner Weise t\u00e4uscht; (b) bedeutet nicht f\u00e4lschlicherweise Sponsoring, Billigung oder Genehmigung der verbindenden Partei und ihrer Produkte oder Dienstleistungen; und (c) in den Kontext der Website der Linkpartei passt.<\/p>\n<p>Wenn Sie eine der in Absatz 2 aufgef\u00fchrten Organisationen sind und auf unsere Website verlinken m\u00f6chten, m\u00fcssen Sie uns dies per E-Mail mitteilen. Bitte besuchen Sie unsere Kontaktseite, um aktualisierte Kontaktdaten zu erhalten.<\/p>\n<p>Bitte geben Sie Ihren Namen, den Namen Ihrer Organisation, die Kontaktinformationen sowie die URL Ihrer Website, eine Liste aller URLs an, von denen Sie auf unsere Website verlinken m\u00f6chten, und eine Liste der URLs auf unserer Website, zu denen Sie m\u00f6chten Verkn\u00fcpfung.<\/p>\n<p>Zugelassene Organisationen k\u00f6nnen wie folgt auf unsere Website verlinken:<\/p>\n<p>Unter Verwendung unseres Firmennamens; oder<br \/>\nDurch Verwendung des einheitlichen Ressourcen-Locators, mit dem verkn\u00fcpft wird; oder<br \/>\nDurch die Verwendung einer anderen Beschreibung unserer Website, auf die verlinkt wird, ist dies im Kontext und Format des Inhalts auf der Website der verkn\u00fcpften Partei sinnvoll.<\/p>\n<p>Die Verwendung des Daily-Signals.com-Logos oder anderer Grafiken zum Verkn\u00fcpfen ist ohne eine Markenlizenzvereinbarung nicht gestattet.<br \/>\n<strong>iFrames<\/strong><\/p>\n<p>Ohne vorherige Genehmigung und schriftliche Genehmigung d\u00fcrfen Sie keine Frames um unsere Webseiten erstellen, die die visuelle Darstellung oder das Erscheinungsbild unserer Website in irgendeiner Weise ver\u00e4ndern.<br \/>\n<strong>Inhaltshaftung<\/strong><\/p>\n<p>Wir sind nicht verantwortlich f\u00fcr Inhalte, die auf Ihrer Website erscheinen. Sie erkl\u00e4ren sich damit einverstanden, uns vor allen Anspr\u00fcchen zu sch\u00fctzen und zu verteidigen, die auf Ihrer Website auftauchen. Auf keiner Website d\u00fcrfen Links erscheinen, die als verleumderisch, obsz\u00f6n oder kriminell interpretiert werden k\u00f6nnen oder die die Verletzung oder sonstige Verletzung von Rechten Dritter verletzen, anderweitig verletzen oder bef\u00fcrworten.<br \/>\n<strong>Vorbehalt von Rechten<\/strong><\/p>\n<p>Wir behalten uns das Recht vor, Sie zu bitten, alle Links oder bestimmte Links zu unserer Website zu entfernen. Sie stimmen zu, alle Links zu unserer Website auf Anfrage sofort zu entfernen. Wir behalten uns au\u00dferdem das Recht vor, diese Allgemeinen Gesch\u00e4ftsbedingungen und deren Verkn\u00fcpfungsrichtlinien jederzeit zu \u00e4ndern. Durch die fortlaufende Verkn\u00fcpfung mit unserer Website erkl\u00e4ren Sie sich damit einverstanden, an diese Verkn\u00fcpfungsbedingungen gebunden zu sein und diese zu befolgen.<br \/>\nEntfernung von Links von unserer Website<\/p>\n<p>Wenn Sie auf unserer Website einen Link finden, der aus irgendeinem Grund anst\u00f6\u00dfig ist, k\u00f6nnen Sie uns jederzeit kontaktieren und informieren. Wir werden Anfragen zum Entfernen von Links pr\u00fcfen, sind jedoch nicht verpflichtet, Ihnen direkt zu antworten.<\/p>\n<p>Wir stellen nicht sicher, dass die Informationen auf dieser Website korrekt sind. Wir \u00fcbernehmen keine Gew\u00e4hr f\u00fcr deren Vollst\u00e4ndigkeit oder Richtigkeit. Wir versprechen auch nicht, sicherzustellen, dass die Website verf\u00fcgbar bleibt oder dass das Material auf der Website auf dem neuesten Stand gehalten wird.<br \/>\n<strong>Haftungsausschluss<\/strong><\/p>\n<p>Die auf dieser Website enthaltenen Informationen, einschlie\u00dflich E-Mail-\u00dcbertragungen, Faxe, Anrufe, SMS, Textnachrichten, aufgezeichnete Sprachnachrichten und andere zugeh\u00f6rige Nachrichten \/ Medien (im Folgenden \u201eInformationen\u201c), werden nur zu Informations- und Bildungszwecken bereitgestellt. Die Informationen sollten nicht als Anlage- \/ Handelsberatung ausgelegt werden und sind nicht als Aufforderung oder Empfehlung zum Kauf, Verkauf oder Halten der genannten Wertpapiere gedacht.<\/p>\n<p>Durch die Nutzung dieser Website erkl\u00e4ren Sie sich damit einverstanden, dass die Website oder ihre Eigent\u00fcmer f\u00fcr Sch\u00e4den oder Verluste verantwortlich oder verantwortlich gemacht werden, die durch Ihre Nutzung der Website oder der darauf enthaltenen Informationen entstehen.<\/p>\n<p>Soweit gesetzlich zul\u00e4ssig, schlie\u00dfen wir alle Zusicherungen, Gew\u00e4hrleistungen und Bedingungen in Bezug auf unsere Website und die Nutzung dieser Website aus. Nichts in diesem Haftungsausschluss wird:<\/p>\n<p>unsere oder Ihre Haftung f\u00fcr Tod oder K\u00f6rperverletzung einschr\u00e4nken oder ausschlie\u00dfen;<br \/>\nunsere oder Ihre Haftung f\u00fcr Betrug oder betr\u00fcgerische Falschdarstellung einschr\u00e4nken oder ausschlie\u00dfen;<br \/>\nBeschr\u00e4nken Sie unsere oder Ihre Verbindlichkeiten auf eine Weise, die nach geltendem Recht nicht zul\u00e4ssig ist. oder<br \/>\nSchlie\u00dfen Sie eine unserer oder Ihrer Verbindlichkeiten aus, die nach geltendem Recht m\u00f6glicherweise nicht ausgeschlossen sind.<br \/>\nDie Informationen auf der Website sind keine Ratschl\u00e4ge und sollten nicht als solche behandelt werden.<br \/>\nWir haften Ihnen gegen\u00fcber nicht f\u00fcr besondere, indirekte oder Folgesch\u00e4den.<\/p>\n<p>Die in diesem Abschnitt und an anderer Stelle in diesem Haftungsausschluss festgelegten Haftungsbeschr\u00e4nkungen und -verbote: (a) unterliegen dem vorhergehenden Absatz; und (b) alle Verbindlichkeiten regeln, die sich aus dem Haftungsausschluss ergeben, einschlie\u00dflich der Verbindlichkeiten aus dem Vertrag, aus unerlaubter Handlung und wegen Verletzung gesetzlicher Pflichten.<\/p>\n<p>Solange die Website sowie die Informationen und Dienstleistungen auf der Website kostenlos zur Verf\u00fcgung gestellt werden, haften wir nicht f\u00fcr Verluste oder Sch\u00e4den jeglicher Art.<\/p>\n<\/div>\n\t\t\t\t\t\t<\/div>\n\t\t\t\t<\/div>\n\t\t\t\t\t<\/div>\n\t\t<\/div>\n\t\t\t\t\t<\/div>\n\t\t<\/section>\n\t\t\t\t<\/div>","protected":false},"excerpt":{"rendered":"<p>Gesch\u00e4ftsbedingungen<\/p>","protected":false},"author":1,"featured_media":0,"parent":0,"menu_order":0,"comment_status":"closed","ping_status":"closed","template":"elementor_header_footer","meta":{"footnotes":""},"class_list":["post-58","page","type-page","status-publish","hentry","entry"],"yoast_head":"<!-- This site is optimized with the Yoast SEO plugin v25.6 - https:\/\/yoast.com\/wordpress\/plugins\/seo\/ -->\n<title>Terms and Conditions - Your Trading Signals Daily Page<\/title>\n<meta name=\"robots\" content=\"index, follow, max-snippet:-1, max-image-preview:large, max-video-preview:-1\" \/>\n<link rel=\"canonical\" href=\"https:\/\/daily-signals.com\/de\/terms-and-conditions\/\" \/>\n<meta property=\"og:locale\" content=\"de_DE\" \/>\n<meta property=\"og:type\" content=\"article\" \/>\n<meta property=\"og:title\" content=\"Terms and Conditions - Your Trading Signals Daily Page\" \/>\n<meta property=\"og:description\" content=\"Terms and Conditions\" \/>\n<meta property=\"og:url\" content=\"https:\/\/daily-signals.com\/de\/terms-and-conditions\/\" \/>\n<meta property=\"og:site_name\" content=\"Your Trading Signals Daily Page\" \/>\n<meta property=\"article:modified_time\" content=\"2020-08-17T18:59:11+00:00\" \/>\n<meta name=\"twitter:card\" content=\"summary_large_image\" \/>\n<script type=\"application\/ld+json\" class=\"yoast-schema-graph\">{\"@context\":\"https:\/\/schema.org\",\"@graph\":[{\"@type\":\"WebPage\",\"@id\":\"https:\/\/daily-signals.com\/terms-and-conditions\/\",\"url\":\"https:\/\/daily-signals.com\/terms-and-conditions\/\",\"name\":\"Terms and Conditions - Your Trading Signals Daily Page\",\"isPartOf\":{\"@id\":\"https:\/\/daily-signals.com\/#website\"},\"datePublished\":\"2020-02-09T12:52:32+00:00\",\"dateModified\":\"2020-08-17T18:59:11+00:00\",\"breadcrumb\":{\"@id\":\"https:\/\/daily-signals.com\/terms-and-conditions\/#breadcrumb\"},\"inLanguage\":\"de\",\"potentialAction\":[{\"@type\":\"ReadAction\",\"target\":[\"https:\/\/daily-signals.com\/terms-and-conditions\/\"]}]},{\"@type\":\"BreadcrumbList\",\"@id\":\"https:\/\/daily-signals.com\/terms-and-conditions\/#breadcrumb\",\"itemListElement\":[{\"@type\":\"ListItem\",\"position\":1,\"name\":\"Home\",\"item\":\"https:\/\/daily-signals.com\/\"},{\"@type\":\"ListItem\",\"position\":2,\"name\":\"Terms and Conditions\"}]},{\"@type\":\"WebSite\",\"@id\":\"https:\/\/daily-signals.com\/#website\",\"url\":\"https:\/\/daily-signals.com\/\",\"name\":\"Your Trading Signals Daily Page\",\"description\":\"Your Trading Signals Daily Page\",\"publisher\":{\"@id\":\"https:\/\/daily-signals.com\/#organization\"},\"potentialAction\":[{\"@type\":\"SearchAction\",\"target\":{\"@type\":\"EntryPoint\",\"urlTemplate\":\"https:\/\/daily-signals.com\/?s={search_term_string}\"},\"query-input\":{\"@type\":\"PropertyValueSpecification\",\"valueRequired\":true,\"valueName\":\"search_term_string\"}}],\"inLanguage\":\"de\"},{\"@type\":\"Organization\",\"@id\":\"https:\/\/daily-signals.com\/#organization\",\"name\":\"Daily Trading Signals\",\"url\":\"https:\/\/daily-signals.com\/\",\"logo\":{\"@type\":\"ImageObject\",\"inLanguage\":\"de\",\"@id\":\"https:\/\/daily-signals.com\/#\/schema\/logo\/image\/\",\"url\":\"https:\/\/daily-signals.com\/wp-content\/uploads\/2020\/02\/trading-daily-signals-logo-2.png\",\"contentUrl\":\"https:\/\/daily-signals.com\/wp-content\/uploads\/2020\/02\/trading-daily-signals-logo-2.png\",\"width\":200,\"height\":200,\"caption\":\"Daily Trading Signals\"},\"image\":{\"@id\":\"https:\/\/daily-signals.com\/#\/schema\/logo\/image\/\"}}]}<\/script>\n<!-- \/ Yoast SEO plugin. -->","yoast_head_json":{"title":"Terms and Conditions - Your Trading Signals Daily Page","robots":{"index":"index","follow":"follow","max-snippet":"max-snippet:-1","max-image-preview":"max-image-preview:large","max-video-preview":"max-video-preview:-1"},"canonical":"https:\/\/daily-signals.com\/de\/terms-and-conditions\/","og_locale":"de_DE","og_type":"article","og_title":"Terms and Conditions - Your Trading Signals Daily Page","og_description":"Terms and Conditions","og_url":"https:\/\/daily-signals.com\/de\/terms-and-conditions\/","og_site_name":"Your Trading Signals Daily Page","article_modified_time":"2020-08-17T18:59:11+00:00","twitter_card":"summary_large_image","schema":{"@context":"https:\/\/schema.org","@graph":[{"@type":"WebPage","@id":"https:\/\/daily-signals.com\/terms-and-conditions\/","url":"https:\/\/daily-signals.com\/terms-and-conditions\/","name":"Terms and Conditions - Your Trading Signals Daily Page","isPartOf":{"@id":"https:\/\/daily-signals.com\/#website"},"datePublished":"2020-02-09T12:52:32+00:00","dateModified":"2020-08-17T18:59:11+00:00","breadcrumb":{"@id":"https:\/\/daily-signals.com\/terms-and-conditions\/#breadcrumb"},"inLanguage":"de","potentialAction":[{"@type":"ReadAction","target":["https:\/\/daily-signals.com\/terms-and-conditions\/"]}]},{"@type":"BreadcrumbList","@id":"https:\/\/daily-signals.com\/terms-and-conditions\/#breadcrumb","itemListElement":[{"@type":"ListItem","position":1,"name":"Home","item":"https:\/\/daily-signals.com\/"},{"@type":"ListItem","position":2,"name":"Terms and Conditions"}]},{"@type":"WebSite","@id":"https:\/\/daily-signals.com\/#website","url":"https:\/\/daily-signals.com\/","name":"Ihre Handelssignale T\u00e4gliche Seite","description":"Ihre Handelssignale T\u00e4gliche Seite","publisher":{"@id":"https:\/\/daily-signals.com\/#organization"},"potentialAction":[{"@type":"SearchAction","target":{"@type":"EntryPoint","urlTemplate":"https:\/\/daily-signals.com\/?s={search_term_string}"},"query-input":{"@type":"PropertyValueSpecification","valueRequired":true,"valueName":"search_term_string"}}],"inLanguage":"de"},{"@type":"Organization","@id":"https:\/\/daily-signals.com\/#organization","name":"Daily Trading Signals","url":"https:\/\/daily-signals.com\/","logo":{"@type":"ImageObject","inLanguage":"de","@id":"https:\/\/daily-signals.com\/#\/schema\/logo\/image\/","url":"https:\/\/daily-signals.com\/wp-content\/uploads\/2020\/02\/trading-daily-signals-logo-2.png","contentUrl":"https:\/\/daily-signals.com\/wp-content\/uploads\/2020\/02\/trading-daily-signals-logo-2.png","width":200,"height":200,"caption":"Daily Trading Signals"},"image":{"@id":"https:\/\/daily-signals.com\/#\/schema\/logo\/image\/"}}]}},"_links":{"self":[{"href":"https:\/\/daily-signals.com\/de\/wp-json\/wp\/v2\/pages\/58","targetHints":{"allow":["GET"]}}],"collection":[{"href":"https:\/\/daily-signals.com\/de\/wp-json\/wp\/v2\/pages"}],"about":[{"href":"https:\/\/daily-signals.com\/de\/wp-json\/wp\/v2\/types\/page"}],"author":[{"embeddable":true,"href":"https:\/\/daily-signals.com\/de\/wp-json\/wp\/v2\/users\/1"}],"replies":[{"embeddable":true,"href":"https:\/\/daily-signals.com\/de\/wp-json\/wp\/v2\/comments?post=58"}],"version-history":[{"count":0,"href":"https:\/\/daily-signals.com\/de\/wp-json\/wp\/v2\/pages\/58\/revisions"}],"wp:attachment":[{"href":"https:\/\/daily-signals.com\/de\/wp-json\/wp\/v2\/media?parent=58"}],"curies":[{"name":"wp","href":"https:\/\/api.w.org\/{rel}","templated":true}]}}