{"id":61,"date":"2020-02-09T13:09:57","date_gmt":"2020-02-09T13:09:57","guid":{"rendered":"https:\/\/daily-signals.com\/?page_id=61"},"modified":"2020-09-28T18:28:39","modified_gmt":"2020-09-28T18:28:39","slug":"privacypolicy","status":"publish","type":"page","link":"https:\/\/daily-signals.com\/de\/privacypolicy\/","title":{"rendered":"Datenschutz-Bestimmungen"},"content":{"rendered":"<div data-elementor-type=\"wp-page\" data-elementor-id=\"61\" class=\"elementor elementor-61\" data-elementor-post-type=\"page\">\n\t\t\t\t\t\t<section class=\"elementor-section elementor-top-section elementor-element elementor-element-3b038a5 elementor-section-boxed elementor-section-height-default elementor-section-height-default\" data-id=\"3b038a5\" data-element_type=\"section\">\n\t\t\t\t\t\t<div class=\"elementor-container elementor-column-gap-default\">\n\t\t\t\t\t<div class=\"elementor-column elementor-col-100 elementor-top-column elementor-element elementor-element-93f6c12\" data-id=\"93f6c12\" data-element_type=\"column\">\n\t\t\t<div class=\"elementor-widget-wrap elementor-element-populated\">\n\t\t\t\t\t\t<div class=\"elementor-element elementor-element-7d6cac7 elementor-widget elementor-widget-template\" data-id=\"7d6cac7\" data-element_type=\"widget\" data-widget_type=\"template.default\">\n\t\t\t\t<div class=\"elementor-widget-container\">\n\t\t\t\t\t\t\t<div class=\"elementor-template\">\n\t\t\t\t\t<div data-elementor-type=\"section\" data-elementor-id=\"66\" class=\"elementor elementor-66\" data-elementor-post-type=\"elementor_library\">\n\t\t\t\t\t<header class=\"elementor-section elementor-top-section elementor-element elementor-element-35d1156d elementor-section-height-min-height elementor-section-stretched elementor-section-full_width elementor-section-items-stretch elementor-section-height-default\" data-id=\"35d1156d\" data-element_type=\"section\" data-settings=\"{&quot;background_background&quot;:&quot;classic&quot;,&quot;stretch_section&quot;:&quot;section-stretched&quot;}\">\n\t\t\t\t\t\t<div class=\"elementor-container elementor-column-gap-no\">\n\t\t\t\t\t<div class=\"elementor-column elementor-col-100 elementor-top-column elementor-element elementor-element-1f78ac5c\" data-id=\"1f78ac5c\" data-element_type=\"column\">\n\t\t\t<div class=\"elementor-widget-wrap elementor-element-populated\">\n\t\t\t\t\t\t<div class=\"elementor-element elementor-element-4544940e elementor-widget__width-inherit elementor-widget elementor-widget-text-editor\" data-id=\"4544940e\" data-element_type=\"widget\" data-widget_type=\"text-editor.default\">\n\t\t\t\t<div class=\"elementor-widget-container\">\n\t\t\t\t\t\t\t\t\t<p>Ihre t\u00e4gliche erste Seite<\/p>\t\t\t\t\t\t\t\t<\/div>\n\t\t\t\t<\/div>\n\t\t\t\t<div class=\"elementor-element elementor-element-2ac9a4ef elementor-widget elementor-widget-heading\" data-id=\"2ac9a4ef\" data-element_type=\"widget\" data-widget_type=\"heading.default\">\n\t\t\t\t<div class=\"elementor-widget-container\">\n\t\t\t\t\t<h1 class=\"elementor-heading-title elementor-size-default\"><a href=\"https:\/\/daily-signals.com\/de\/\">Die t\u00e4glichen Signale<\/a><\/h1>\t\t\t\t<\/div>\n\t\t\t\t<\/div>\n\t\t\t\t\t<\/div>\n\t\t<\/div>\n\t\t\t\t\t<\/div>\n\t\t<\/header>\n\t\t\t\t<\/div>\n\t\t\t\t<\/div>\n\t\t\t\t\t\t<\/div>\n\t\t\t\t<\/div>\n\t\t\t\t<div class=\"elementor-element elementor-element-87b2af1 elementor-widget elementor-widget-heading\" data-id=\"87b2af1\" data-element_type=\"widget\" data-widget_type=\"heading.default\">\n\t\t\t\t<div class=\"elementor-widget-container\">\n\t\t\t\t\t<h2 class=\"elementor-heading-title elementor-size-default\">Datenschutz-Bestimmungen<\/h2>\t\t\t\t<\/div>\n\t\t\t\t<\/div>\n\t\t\t\t<div class=\"elementor-element elementor-element-0ba8e23 elementor-widget elementor-widget-wp-widget-text\" data-id=\"0ba8e23\" data-element_type=\"widget\" data-widget_type=\"wp-widget-text.default\">\n\t\t\t\t<div class=\"elementor-widget-container\">\n\t\t\t\t\t\t\t\t<div class=\"textwidget\"><p>Daily-Signals.com betreibt die Website Daily-Signals.com.com, die den SERVICE bereitstellt.<\/p>\n<p>Diese Seite wird verwendet, um Website-Besucher \u00fcber unsere Richtlinien bez\u00fcglich der Erfassung, Verwendung und Offenlegung pers\u00f6nlicher Informationen zu informieren, falls sich jemand f\u00fcr die Nutzung unseres Dienstes entschieden hat.<\/p>\n<p>Wenn Sie sich f\u00fcr die Nutzung unseres Service entscheiden, stimmen Sie der Erfassung und Verwendung von Informationen im Zusammenhang mit dieser Richtlinie zu. Die von uns gesammelten pers\u00f6nlichen Daten werden zur Bereitstellung und Verbesserung des Dienstes verwendet. Wir werden Ihre Daten nicht verwenden oder an Dritte weitergeben, au\u00dfer wie in dieser Datenschutzrichtlinie beschrieben.<\/p>\n<p>Die in dieser Datenschutzrichtlinie verwendeten Begriffe haben dieselbe Bedeutung wie in unseren Allgemeinen Gesch\u00e4ftsbedingungen, auf die unter Daily-Signals.com.com zugegriffen werden kann, sofern in dieser Datenschutzrichtlinie nichts anderes definiert ist.<\/p>\n<p>Sammlung und Verwendung von Informationen<\/p>\n<p>Durch die Registrierung auf dieser Website erteilen Sie uns die unumst\u00f6\u00dfliche Erlaubnis, direkt von diesem Site-Team oder von verbundenen Parteien oder von Dritten kontaktiert zu werden und angeboten, gut und \/ oder Dienstleistungen angeboten zu werden. Sie stimmen auch zu, dass die Website 3 verwenden oder mit 3 teilen kann<sup>rd<\/sup> Parteien, Ihre pers\u00f6nlichen Daten, Cookies oder protokollierten Daten, um Ihnen zus\u00e4tzliche Waren und \/ oder Dienstleistungen direkt von diesem Site-Team oder von verbundenen Parteien oder von Dritten anzubieten. Diese Angebote k\u00f6nnen per Anruf, E-Mail, SMS, Anzeige (AKA-Remarketing-Kampagne) oder auf andere Weise abgegeben werden, basierend auf Ihren pers\u00f6nlichen Daten, verwendeten Cookies oder protokollierten Daten.<\/p>\n<p>F\u00fcr eine bessere Nutzung unseres Service m\u00fcssen Sie uns m\u00f6glicherweise bestimmte personenbezogene Daten zur Verf\u00fcgung stellen, einschlie\u00dflich, aber nicht beschr\u00e4nkt auf Ihren Namen, Ihre Telefonnummer und Ihre Postanschrift. Die Informationen, die wir sammeln, werden verwendet, um Sie zu kontaktieren oder zu identifizieren.<\/p>\n<p>Logdaten<\/p>\n<p>Wir m\u00f6chten Sie dar\u00fcber informieren, dass wir bei jedem Besuch unseres Dienstes Informationen sammeln, die Ihr Browser an uns sendet und die als Protokolldaten bezeichnet werden. Diese Protokolldaten k\u00f6nnen Informationen wie die IP-Adresse (Internet Protocol) Ihres Computers, die Browserversion, die von Ihnen besuchten Seiten unseres Dienstes, die Uhrzeit und das Datum Ihres Besuchs, die auf diesen Seiten verbrachte Zeit und andere Statistiken enthalten.<\/p>\n<p>Kekse<\/p>\n<p>Cookies sind Dateien mit einer geringen Datenmenge, die \u00fcblicherweise als anonyme eindeutige Kennung verwendet werden. Diese werden von der von Ihnen besuchten Website an Ihren Browser gesendet und auf der Festplatte Ihres Computers gespeichert.<\/p>\n<p>Unsere Website verwendet diese \u201eCookies\u201c, um Informationen zu sammeln und unseren Service zu verbessern. Sie haben die M\u00f6glichkeit, diese Cookies entweder zu akzeptieren oder abzulehnen und zu wissen, wann ein Cookie an Ihren Computer gesendet wird. Wenn Sie unsere Cookies ablehnen, k\u00f6nnen Sie m\u00f6glicherweise einige Teile unseres Service nicht nutzen.<\/p>\n<p>Dienstleister<\/p>\n<p>Wir k\u00f6nnen aus folgenden Gr\u00fcnden Drittunternehmen und Einzelpersonen besch\u00e4ftigen:<\/p>\n<p>Um unseren Service zu erleichtern;<\/p>\n<p>Den Service in unserem Namen bereitzustellen;<\/p>\n<p>Servicebezogene Dienstleistungen erbringen; oder<\/p>\n<p>Um uns bei der Analyse der Nutzung unseres Service zu unterst\u00fctzen.<\/p>\n<p>Wir m\u00f6chten unsere Servicebenutzer dar\u00fcber informieren, dass diese Dritten Zugriff auf Ihre pers\u00f6nlichen Daten haben. Der Grund ist, die ihnen zugewiesenen Aufgaben in unserem Namen auszuf\u00fchren. Sie sind jedoch verpflichtet, die Informationen nicht weiterzugeben oder f\u00fcr andere Zwecke zu verwenden.<\/p>\n<p>Sicherheit<\/p>\n<p>Wir sch\u00e4tzen Ihr Vertrauen in die Bereitstellung Ihrer pers\u00f6nlichen Daten und bem\u00fchen uns daher, wirtschaftlich akzeptable Mittel zum Schutz dieser Daten zu verwenden. Denken Sie jedoch daran, dass keine Methode zur \u00dcbertragung \u00fcber das Internet oder zur elektronischen Speicherung sicher und zuverl\u00e4ssig ist und wir deren absolute Sicherheit nicht garantieren k\u00f6nnen.<\/p>\n<p>Links zu anderen Seiten<\/p>\n<p>Unser Service kann Links zu anderen Websites enthalten. Wenn Sie auf einen Link eines Drittanbieters klicken, werden Sie zu dieser Site weitergeleitet. Beachten Sie, dass diese externen Websites nicht von uns betrieben werden. Wir empfehlen Ihnen daher dringend, die Datenschutzbestimmungen dieser Websites zu lesen. Wir haben keine Kontrolle \u00fcber Inhalte, Datenschutzrichtlinien oder Praktiken von Websites oder Diensten Dritter und \u00fcbernehmen keine Verantwortung daf\u00fcr.<\/p>\n<p>Datenschutz f\u00fcr Kinder<\/p>\n<p>Unsere Dienste richten sich nicht an Personen unter 18 Jahren. Wir sammeln wissentlich keine personenbezogenen Daten von Kindern unter 18 Jahren. Wenn wir feststellen, dass ein Kind unter 18 Jahren uns personenbezogene Daten zur Verf\u00fcgung gestellt hat, l\u00f6schen wir diese unverz\u00fcglich von unseren Servern. Wenn Sie Eltern oder Erziehungsberechtigte sind und wissen, dass Ihr Kind uns personenbezogene Daten zur Verf\u00fcgung gestellt hat, setzen Sie sich bitte mit uns in Verbindung, damit wir die erforderlichen Ma\u00dfnahmen ergreifen k\u00f6nnen.<\/p>\n<p>\u00c4nderungen dieser Datenschutzerkl\u00e4rung<\/p>\n<p>Wir k\u00f6nnen unsere Datenschutzrichtlinie von Zeit zu Zeit aktualisieren. Wir empfehlen Ihnen daher, diese Seite regelm\u00e4\u00dfig auf \u00c4nderungen zu \u00fcberpr\u00fcfen. Wir werden Sie \u00fcber \u00c4nderungen informieren, indem wir die neue Datenschutzrichtlinie auf dieser Seite ver\u00f6ffentlichen. Diese \u00c4nderungen werden sofort wirksam, nachdem sie auf dieser Seite ver\u00f6ffentlicht wurden.<\/p>\n<p>KONTAKTIEREN SIE  UNS<\/p>\n<p>Wenn Sie Fragen zu unserer Datenschutzrichtlinie haben, z\u00f6gern Sie nicht, uns zu kontaktieren.<\/p>\n<p>Kontaktieren Sie uns: Bitte besuchen Sie unsere Kontaktseite f\u00fcr aktualisierte Kontaktdaten.<\/p>\n<\/div>\n\t\t\t\t\t\t<\/div>\n\t\t\t\t<\/div>\n\t\t\t\t\t<\/div>\n\t\t<\/div>\n\t\t\t\t\t<\/div>\n\t\t<\/section>\n\t\t\t\t<\/div>","protected":false},"excerpt":{"rendered":"<p>Datenschutz-Bestimmungen<\/p>","protected":false},"author":1,"featured_media":0,"parent":0,"menu_order":0,"comment_status":"closed","ping_status":"closed","template":"elementor_header_footer","meta":{"footnotes":""},"class_list":["post-61","page","type-page","status-publish","hentry","entry"],"yoast_head":"<!-- This site is optimized with the Yoast SEO plugin v25.6 - https:\/\/yoast.com\/wordpress\/plugins\/seo\/ -->\n<title>Privacy Policy - Your Trading Signals Daily Page<\/title>\n<meta name=\"robots\" content=\"index, follow, max-snippet:-1, max-image-preview:large, max-video-preview:-1\" \/>\n<link rel=\"canonical\" href=\"https:\/\/daily-signals.com\/de\/privacypolicy\/\" \/>\n<meta property=\"og:locale\" content=\"de_DE\" \/>\n<meta property=\"og:type\" content=\"article\" \/>\n<meta property=\"og:title\" content=\"Privacy Policy - Your Trading Signals Daily Page\" \/>\n<meta property=\"og:description\" content=\"Privacy Policy\" \/>\n<meta property=\"og:url\" content=\"https:\/\/daily-signals.com\/de\/privacypolicy\/\" \/>\n<meta property=\"og:site_name\" content=\"Your Trading Signals Daily Page\" \/>\n<meta property=\"article:modified_time\" content=\"2020-09-28T18:28:39+00:00\" \/>\n<meta name=\"twitter:card\" content=\"summary_large_image\" \/>\n<script type=\"application\/ld+json\" class=\"yoast-schema-graph\">{\"@context\":\"https:\/\/schema.org\",\"@graph\":[{\"@type\":\"WebPage\",\"@id\":\"https:\/\/daily-signals.com\/privacypolicy\/\",\"url\":\"https:\/\/daily-signals.com\/privacypolicy\/\",\"name\":\"Privacy Policy - Your Trading Signals Daily Page\",\"isPartOf\":{\"@id\":\"https:\/\/daily-signals.com\/#website\"},\"datePublished\":\"2020-02-09T13:09:57+00:00\",\"dateModified\":\"2020-09-28T18:28:39+00:00\",\"breadcrumb\":{\"@id\":\"https:\/\/daily-signals.com\/privacypolicy\/#breadcrumb\"},\"inLanguage\":\"de\",\"potentialAction\":[{\"@type\":\"ReadAction\",\"target\":[\"https:\/\/daily-signals.com\/privacypolicy\/\"]}]},{\"@type\":\"BreadcrumbList\",\"@id\":\"https:\/\/daily-signals.com\/privacypolicy\/#breadcrumb\",\"itemListElement\":[{\"@type\":\"ListItem\",\"position\":1,\"name\":\"Home\",\"item\":\"https:\/\/daily-signals.com\/\"},{\"@type\":\"ListItem\",\"position\":2,\"name\":\"Privacy Policy\"}]},{\"@type\":\"WebSite\",\"@id\":\"https:\/\/daily-signals.com\/#website\",\"url\":\"https:\/\/daily-signals.com\/\",\"name\":\"Your Trading Signals Daily Page\",\"description\":\"Your Trading Signals Daily Page\",\"publisher\":{\"@id\":\"https:\/\/daily-signals.com\/#organization\"},\"potentialAction\":[{\"@type\":\"SearchAction\",\"target\":{\"@type\":\"EntryPoint\",\"urlTemplate\":\"https:\/\/daily-signals.com\/?s={search_term_string}\"},\"query-input\":{\"@type\":\"PropertyValueSpecification\",\"valueRequired\":true,\"valueName\":\"search_term_string\"}}],\"inLanguage\":\"de\"},{\"@type\":\"Organization\",\"@id\":\"https:\/\/daily-signals.com\/#organization\",\"name\":\"Daily Trading Signals\",\"url\":\"https:\/\/daily-signals.com\/\",\"logo\":{\"@type\":\"ImageObject\",\"inLanguage\":\"de\",\"@id\":\"https:\/\/daily-signals.com\/#\/schema\/logo\/image\/\",\"url\":\"https:\/\/daily-signals.com\/wp-content\/uploads\/2020\/02\/trading-daily-signals-logo-2.png\",\"contentUrl\":\"https:\/\/daily-signals.com\/wp-content\/uploads\/2020\/02\/trading-daily-signals-logo-2.png\",\"width\":200,\"height\":200,\"caption\":\"Daily Trading Signals\"},\"image\":{\"@id\":\"https:\/\/daily-signals.com\/#\/schema\/logo\/image\/\"}}]}<\/script>\n<!-- \/ Yoast SEO plugin. -->","yoast_head_json":{"title":"Privacy Policy - Your Trading Signals Daily Page","robots":{"index":"index","follow":"follow","max-snippet":"max-snippet:-1","max-image-preview":"max-image-preview:large","max-video-preview":"max-video-preview:-1"},"canonical":"https:\/\/daily-signals.com\/de\/privacypolicy\/","og_locale":"de_DE","og_type":"article","og_title":"Privacy Policy - Your Trading Signals Daily Page","og_description":"Privacy Policy","og_url":"https:\/\/daily-signals.com\/de\/privacypolicy\/","og_site_name":"Your Trading Signals Daily Page","article_modified_time":"2020-09-28T18:28:39+00:00","twitter_card":"summary_large_image","schema":{"@context":"https:\/\/schema.org","@graph":[{"@type":"WebPage","@id":"https:\/\/daily-signals.com\/privacypolicy\/","url":"https:\/\/daily-signals.com\/privacypolicy\/","name":"Privacy Policy - Your Trading Signals Daily Page","isPartOf":{"@id":"https:\/\/daily-signals.com\/#website"},"datePublished":"2020-02-09T13:09:57+00:00","dateModified":"2020-09-28T18:28:39+00:00","breadcrumb":{"@id":"https:\/\/daily-signals.com\/privacypolicy\/#breadcrumb"},"inLanguage":"de","potentialAction":[{"@type":"ReadAction","target":["https:\/\/daily-signals.com\/privacypolicy\/"]}]},{"@type":"BreadcrumbList","@id":"https:\/\/daily-signals.com\/privacypolicy\/#breadcrumb","itemListElement":[{"@type":"ListItem","position":1,"name":"Home","item":"https:\/\/daily-signals.com\/"},{"@type":"ListItem","position":2,"name":"Privacy Policy"}]},{"@type":"WebSite","@id":"https:\/\/daily-signals.com\/#website","url":"https:\/\/daily-signals.com\/","name":"Ihre Handelssignale T\u00e4gliche Seite","description":"Ihre Handelssignale T\u00e4gliche Seite","publisher":{"@id":"https:\/\/daily-signals.com\/#organization"},"potentialAction":[{"@type":"SearchAction","target":{"@type":"EntryPoint","urlTemplate":"https:\/\/daily-signals.com\/?s={search_term_string}"},"query-input":{"@type":"PropertyValueSpecification","valueRequired":true,"valueName":"search_term_string"}}],"inLanguage":"de"},{"@type":"Organization","@id":"https:\/\/daily-signals.com\/#organization","name":"Daily Trading Signals","url":"https:\/\/daily-signals.com\/","logo":{"@type":"ImageObject","inLanguage":"de","@id":"https:\/\/daily-signals.com\/#\/schema\/logo\/image\/","url":"https:\/\/daily-signals.com\/wp-content\/uploads\/2020\/02\/trading-daily-signals-logo-2.png","contentUrl":"https:\/\/daily-signals.com\/wp-content\/uploads\/2020\/02\/trading-daily-signals-logo-2.png","width":200,"height":200,"caption":"Daily Trading Signals"},"image":{"@id":"https:\/\/daily-signals.com\/#\/schema\/logo\/image\/"}}]}},"_links":{"self":[{"href":"https:\/\/daily-signals.com\/de\/wp-json\/wp\/v2\/pages\/61","targetHints":{"allow":["GET"]}}],"collection":[{"href":"https:\/\/daily-signals.com\/de\/wp-json\/wp\/v2\/pages"}],"about":[{"href":"https:\/\/daily-signals.com\/de\/wp-json\/wp\/v2\/types\/page"}],"author":[{"embeddable":true,"href":"https:\/\/daily-signals.com\/de\/wp-json\/wp\/v2\/users\/1"}],"replies":[{"embeddable":true,"href":"https:\/\/daily-signals.com\/de\/wp-json\/wp\/v2\/comments?post=61"}],"version-history":[{"count":0,"href":"https:\/\/daily-signals.com\/de\/wp-json\/wp\/v2\/pages\/61\/revisions"}],"wp:attachment":[{"href":"https:\/\/daily-signals.com\/de\/wp-json\/wp\/v2\/media?parent=61"}],"curies":[{"name":"wp","href":"https:\/\/api.w.org\/{rel}","templated":true}]}}