{"id":58,"date":"2020-02-09T12:52:32","date_gmt":"2020-02-09T12:52:32","guid":{"rendered":"https:\/\/daily-signals.com\/?page_id=58"},"modified":"2020-08-17T18:59:11","modified_gmt":"2020-08-17T18:59:11","slug":"terms-and-conditions","status":"publish","type":"page","link":"https:\/\/daily-signals.com\/it\/terms-and-conditions\/","title":{"rendered":"Termini e Condizioni"},"content":{"rendered":"<div data-elementor-type=\"wp-page\" data-elementor-id=\"58\" class=\"elementor elementor-58\" data-elementor-post-type=\"page\">\n\t\t\t\t\t\t<section class=\"elementor-section elementor-top-section elementor-element elementor-element-b81cef1 elementor-section-boxed elementor-section-height-default elementor-section-height-default\" data-id=\"b81cef1\" data-element_type=\"section\">\n\t\t\t\t\t\t<div class=\"elementor-container elementor-column-gap-default\">\n\t\t\t\t\t<div class=\"elementor-column elementor-col-100 elementor-top-column elementor-element elementor-element-277a0f7\" data-id=\"277a0f7\" data-element_type=\"column\">\n\t\t\t<div class=\"elementor-widget-wrap elementor-element-populated\">\n\t\t\t\t\t\t<div class=\"elementor-element elementor-element-e7ecf5b elementor-widget elementor-widget-template\" data-id=\"e7ecf5b\" data-element_type=\"widget\" data-widget_type=\"template.default\">\n\t\t\t\t<div class=\"elementor-widget-container\">\n\t\t\t\t\t\t\t<div class=\"elementor-template\">\n\t\t\t\t\t<div data-elementor-type=\"section\" data-elementor-id=\"66\" class=\"elementor elementor-66\" data-elementor-post-type=\"elementor_library\">\n\t\t\t\t\t<header class=\"elementor-section elementor-top-section elementor-element elementor-element-35d1156d elementor-section-height-min-height elementor-section-stretched elementor-section-full_width elementor-section-items-stretch elementor-section-height-default\" data-id=\"35d1156d\" data-element_type=\"section\" data-settings=\"{&quot;background_background&quot;:&quot;classic&quot;,&quot;stretch_section&quot;:&quot;section-stretched&quot;}\">\n\t\t\t\t\t\t<div class=\"elementor-container elementor-column-gap-no\">\n\t\t\t\t\t<div class=\"elementor-column elementor-col-100 elementor-top-column elementor-element elementor-element-1f78ac5c\" data-id=\"1f78ac5c\" data-element_type=\"column\">\n\t\t\t<div class=\"elementor-widget-wrap elementor-element-populated\">\n\t\t\t\t\t\t<div class=\"elementor-element elementor-element-4544940e elementor-widget__width-inherit elementor-widget elementor-widget-text-editor\" data-id=\"4544940e\" data-element_type=\"widget\" data-widget_type=\"text-editor.default\">\n\t\t\t\t<div class=\"elementor-widget-container\">\n\t\t\t\t\t\t\t\t\t<p>La tua prima pagina quotidiana<\/p>\t\t\t\t\t\t\t\t<\/div>\n\t\t\t\t<\/div>\n\t\t\t\t<div class=\"elementor-element elementor-element-2ac9a4ef elementor-widget elementor-widget-heading\" data-id=\"2ac9a4ef\" data-element_type=\"widget\" data-widget_type=\"heading.default\">\n\t\t\t\t<div class=\"elementor-widget-container\">\n\t\t\t\t\t<h1 class=\"elementor-heading-title elementor-size-default\"><a href=\"https:\/\/daily-signals.com\/it\/\">I segnali quotidiani<\/a><\/h1>\t\t\t\t<\/div>\n\t\t\t\t<\/div>\n\t\t\t\t\t<\/div>\n\t\t<\/div>\n\t\t\t\t\t<\/div>\n\t\t<\/header>\n\t\t\t\t<\/div>\n\t\t\t\t<\/div>\n\t\t\t\t\t\t<\/div>\n\t\t\t\t<\/div>\n\t\t\t\t<div class=\"elementor-element elementor-element-17498ca elementor-widget elementor-widget-heading\" data-id=\"17498ca\" data-element_type=\"widget\" data-widget_type=\"heading.default\">\n\t\t\t\t<div class=\"elementor-widget-container\">\n\t\t\t\t\t<h2 class=\"elementor-heading-title elementor-size-default\">Termini e Condizioni<\/h2>\t\t\t\t<\/div>\n\t\t\t\t<\/div>\n\t\t\t\t<div class=\"elementor-element elementor-element-820a0a3 elementor-widget elementor-widget-wp-widget-text\" data-id=\"820a0a3\" data-element_type=\"widget\" data-widget_type=\"wp-widget-text.default\">\n\t\t\t\t<div class=\"elementor-widget-container\">\n\t\t\t\t\t\t\t\t<div class=\"textwidget\"><p>Benvenuto su Daily-Signals.com!<\/p>\n<p>Questi termini e condizioni delineano le regole e i regolamenti per l&#039;uso del sito web di Daily-Signals.com.<\/p>\n<p>Accedendo a questo sito web assumiamo che accetti questi termini e condizioni. Non continuare a utilizzare il sito Web di Daily-Signals.com se non accetti di accettare tutti i termini e le condizioni indicati in questa pagina.<br \/>\nRegistrandoti a questo sito web, ci dai il permesso irreversibile di essere contattato direttamente dal team di questo sito, o da terze parti e di essere offerto, buono e \/ o servizi. Accetti inoltre che il sito possa utilizzare i tuoi dati personali, cookie o dati registrati per offrirti beni e \/ o servizi aggiuntivi. Queste offerte possono essere effettuate tramite chiamata, e-mail, messaggio di testo, pubblicit\u00e0 (campagna di remarketing AKA) o qualsiasi altro mezzo in base ai dati personali, ai cookie utilizzati o ai dati registrati.<\/p>\n<p>La seguente terminologia si applica a questi Termini e condizioni, Dichiarazione sulla privacy e Avviso di esclusione di responsabilit\u00e0 e tutti gli accordi: &quot;Cliente&quot;, &quot;Tu&quot; e &quot;Tuo&quot; si riferiscono a te, la persona che accede a questo sito Web e conforme ai termini e alle condizioni della Societ\u00e0. &quot;L&#039;azienda&quot;, &quot;noi stessi&quot;, &quot;noi&quot;, &quot;nostro&quot; e &quot;noi&quot; si riferiscono alla nostra azienda. &quot;Parte&quot;, &quot;Parti&quot; o &quot;Noi&quot; si riferiscono sia al Cliente che a noi stessi. Tutti i termini si riferiscono all&#039;offerta, all&#039;accettazione e alla considerazione del pagamento necessario per intraprendere il processo della nostra assistenza al Cliente nel modo pi\u00f9 appropriato allo scopo esplicito di soddisfare le esigenze del Cliente in relazione alla fornitura dei servizi dichiarati della Societ\u00e0, in conformit\u00e0 con e soggetto alle leggi vigenti in Canada. Qualsiasi uso della terminologia di cui sopra o di altre parole al singolare, al plurale, in maiuscolo e \/ o lui \/ lei o loro, sono considerati intercambiabili e quindi riferiti allo stesso.<br \/>\n<strong>Biscotti<\/strong><\/p>\n<p>Impieghiamo l&#039;uso di cookie. Accedendo al sito web di Daily-Signals.com, hai accettato di utilizzare i cookie in accordo con l&#039;informativa sulla privacy di Daily-Signals.com.<\/p>\n<p>La maggior parte dei siti Web interattivi utilizza i cookie per consentirci di recuperare i dettagli dell&#039;utente per ogni visita. I cookie vengono utilizzati dal nostro sito Web per abilitare la funzionalit\u00e0 di determinate aree per rendere pi\u00f9 facile per le persone che visitano il nostro sito Web e. Anche alcuni dei nostri partner affiliati \/ pubblicitari possono utilizzare i cookie.<br \/>\n<strong>Licenza<\/strong><\/p>\n<p>Salvo diversa indicazione, Daily-Signals.com e \/ oi suoi licenziatari detengono i diritti di propriet\u00e0 intellettuale per tutto il materiale su Daily-Signals.com Tutti i diritti di propriet\u00e0 intellettuale sono riservati. \u00c8 possibile accedervi da Daily-Signals.com per uso personale soggetto alle restrizioni stabilite in questi termini e condizioni.<\/p>\n<p><strong>Non devi:<\/strong><\/p>\n<p>Ripubblica materiale da Daily-Signals.com<br \/>\nVendi, noleggia o concedi in sublicenza materiale da Daily-Signals.com<br \/>\nRiprodurre, duplicare o copiare materiale da Daily-Signals.com<br \/>\nRidistribuire i contenuti da Daily-Signals.com.<\/p>\n<p>Il presente Contratto decorre dalla data del presente Contratto.<\/p>\n<p>Parti di questo sito Web offrono agli utenti l&#039;opportunit\u00e0 di pubblicare e scambiare opinioni e informazioni in determinate aree del sito Web. Daily-Signals.com non filtra, modifica, pubblica o rivede i commenti prima della loro presenza sul sito web. I commenti non riflettono le opinioni e le opinioni di Daily-Signals.com, dei suoi agenti e \/ o affiliati. I commenti riflettono le opinioni e le opinioni della persona che pubblica le loro opinioni e opinioni. Nella misura consentita dalle leggi applicabili, Daily-Signals.com non sar\u00e0 responsabile per i commenti o per qualsiasi responsabilit\u00e0, danni o spese causati e \/ o subiti a seguito di qualsiasi uso e \/ o pubblicazione e \/ o aspetto del Commenti su questo sito web.<\/p>\n<p>Daily-Signals.com si riserva il diritto di monitorare tutti i commenti e di rimuovere eventuali commenti che possono essere considerati inappropriati, offensivi o che causano una violazione dei presenti Termini e condizioni.<\/p>\n<p><strong>Garantisci e dichiari che:<\/strong><\/p>\n<p>Hai il diritto di pubblicare i commenti sul nostro sito Web e disponi di tutte le licenze e i consensi necessari per farlo;<br \/>\nI Commenti non invadono alcun diritto di propriet\u00e0 intellettuale, inclusi, a titolo esemplificativo, copyright, brevetto o marchio di fabbrica di terze parti;<br \/>\nI commenti non contengono materiale diffamatorio, calunnioso, offensivo, indecente o altrimenti illegale che costituisce una violazione della privacy<br \/>\nI commenti non saranno utilizzati per sollecitare o promuovere attivit\u00e0 commerciali o personalizzate o presentare attivit\u00e0 commerciali o attivit\u00e0 illecite.<\/p>\n<p>Con la presente concedi a Daily-Signals.com una licenza non esclusiva per utilizzare, riprodurre, modificare e autorizzare altri a utilizzare, riprodurre e modificare i tuoi commenti in qualsiasi forma, formato o supporto.<\/p>\n<p><strong>Promozioni e sorteggi<\/strong><\/p>\n<p>Salvo diversa indicazione nei T&amp;C specifici di una specifica promozione, i premi non sono incrementali n\u00e9 trasferiti da periodo a periodo (settimana \/ mese) e non vengono scelti vincitori sostitutivi.<\/p>\n<p>tutti i partecipanti devono avere pi\u00f9 di 21 anni.<\/p>\n<p>Le informazioni personali fornite devono essere corrette. Dati falsi in uno qualsiasi dei campi del modulo richiesto squalificheranno il partecipante.<\/p>\n<p>I vincitori verranno avvisati telefonicamente.<\/p>\n<p>Se un vincitore di un premio non pu\u00f2 essere raggiunto (3 telefonate durante la settimana successiva alla sua vincita), o \u00e8 stato squalificato, la sua vincita \/ i premi verranno revocati.<\/p>\n<p>Per i premi tangibili il costo di consegna sar\u00e0 coperto fino a 15 USD per vincitore. Il costo in eccesso sar\u00e0 a carico degli utenti.<\/p>\n<p>I premi e le condizioni di qualsiasi promozione possono essere modificati senza preavviso. Partecipando a una qualsiasi delle promozioni, comprendi che \u00e8 tua responsabilit\u00e0 visitare questa pagina di T&amp;C per verificare la presenza di aggiornamenti.<\/p>\n<p><strong>Promozione settimanale dell&#039;articolo<\/strong><\/p>\n<p>Le iscrizioni alle estrazioni possono essere ottenute inviando il modulo di partecipazione (uno per utente) e chiedendo agli amici di fare clic sul collegamento univoco del partecipante o distribuendo il collegamento univoco degli utenti su altri siti Web.<\/p>\n<p>per qualificarsi per una vincita dei premi settimanali in denaro, o dei premi tangibili, il partecipante deve avere almeno 30 nuovi ingressi in ogni giorno della settimana<\/p>\n<p>Ogni partecipante ricever\u00e0 un premio (ebook), dopo aver inviato il modulo di partecipazione<\/p>\n<p><strong>Collegamento ipertestuale al nostro contenuto<\/strong><\/p>\n<p>Le seguenti organizzazioni possono collegarsi al nostro sito Web senza previa autorizzazione scritta:<\/p>\n<p>Agenzie governative;<br \/>\nMotori di ricerca;<br \/>\nOrganizzazioni giornalistiche;<br \/>\nI distributori di elenchi in linea possono collegarsi al nostro sito Web nello stesso modo in cui collegano ipertestuali ai siti Web di altre aziende elencate; e<br \/>\nAttivit\u00e0 accreditate a livello di sistema, ad eccezione della richiesta di organizzazioni senza scopo di lucro, centri commerciali di beneficenza e gruppi di raccolta fondi di beneficenza che non possono collegarsi al nostro sito Web.<\/p>\n<p>Queste organizzazioni possono collegarsi alla nostra home page, a pubblicazioni o ad altre informazioni del sito Web a condizione che il collegamento: (a) non sia in alcun modo ingannevole; (b) non implica falsamente sponsorizzazione, avallo o approvazione della parte che collega e dei suoi prodotti e \/ o servizi; e (c) si inserisce nel contesto del sito della parte che collega.<\/p>\n<p>Potremmo prendere in considerazione e approvare altre richieste di collegamento dai seguenti tipi di organizzazioni:<\/p>\n<p>fonti di informazioni sui consumatori e \/ o aziendali comunemente note;<br \/>\nsiti della comunit\u00e0 dot.com;<br \/>\nassociazioni o altri gruppi che rappresentano enti di beneficenza;<br \/>\ndistributori di elenchi in linea;<br \/>\nportali internet;<br \/>\nstudi contabili, legali e di consulenza; e<br \/>\nistituzioni educative e associazioni di categoria.<\/p>\n<p>Approveremo le richieste di collegamento da queste organizzazioni se decidiamo che: (a) il collegamento non ci farebbe sembrare sfavorevoli a noi stessi o alle nostre attivit\u00e0 accreditate; (b) l&#039;organizzazione non ha alcun record negativo con noi; (c) il vantaggio per noi derivante dalla visibilit\u00e0 del collegamento ipertestuale compensa l&#039;assenza di Daily-Signals.com; e (d) il collegamento \u00e8 nel contesto delle informazioni generali sulle risorse.<\/p>\n<p>Queste organizzazioni possono collegarsi alla nostra home page a condizione che il collegamento: (a) non sia in alcun modo ingannevole; (b) non implica falsamente sponsorizzazione, avallo o approvazione della parte che collega e dei suoi prodotti o servizi; e (c) si inserisce nel contesto del sito della parte che collega.<\/p>\n<p>Se sei una delle organizzazioni elencate nel paragrafo 2 sopra e sei interessato a collegarti al nostro sito web, devi informarci inviando un&#039;e-mail - visita la nostra pagina dei contatti per i dettagli di contatto aggiornati.<\/p>\n<p>Includi il tuo nome, il nome della tua organizzazione, le informazioni di contatto e l&#039;URL del tuo sito, un elenco di qualsiasi URL da cui intendi collegarti al nostro sito Web e un elenco degli URL sul nostro sito a cui desideri collegamento.<\/p>\n<p>Le organizzazioni approvate possono creare collegamenti ipertestuali al nostro sito Web come segue:<\/p>\n<p>Utilizzando la nostra ragione sociale; o<br \/>\nUtilizzando l&#039;uniform resource locator a cui \u00e8 collegato; o<br \/>\nUtilizzando qualsiasi altra descrizione del nostro sito Web collegata a ci\u00f2 ha senso nel contesto e nel formato del contenuto sul sito della parte che collega.<\/p>\n<p>Non sar\u00e0 consentito l&#039;uso del logo di Daily-Signals.com o di altre opere d&#039;arte per il collegamento in assenza di un contratto di licenza del marchio.<br \/>\n<strong>iFrame<\/strong><\/p>\n<p>Senza previa approvazione e autorizzazione scritta, non \u00e8 possibile creare frame attorno alle nostre pagine Web che alterino in alcun modo la presentazione visiva o l&#039;aspetto del nostro sito Web.<br \/>\n<strong>Responsabilit\u00e0 sui contenuti<\/strong><\/p>\n<p>Non saremo responsabili per qualsiasi contenuto che appare sul tuo sito web. Accetti di proteggerci e difenderci da tutti i reclami che stanno sorgendo sul tuo sito web. Nessun collegamento (i) deve apparire su qualsiasi sito Web che possa essere interpretato come diffamatorio, osceno o criminale, o che viola, altrimenti viola o sostiene la violazione o altra violazione di diritti di terzi.<br \/>\n<strong>Riserva di diritti<\/strong><\/p>\n<p>Ci riserviamo il diritto di richiedere la rimozione di tutti i collegamenti o di qualsiasi collegamento particolare al nostro sito Web. Accetti di rimuovere immediatamente tutti i collegamenti al nostro sito Web su richiesta. Ci riserviamo inoltre il diritto di modificare questi termini e condizioni e la sua politica di collegamento in qualsiasi momento. Collegandoti continuamente al nostro sito Web, accetti di essere vincolato e di seguire questi termini e condizioni di collegamento.<br \/>\nRimozione di link dal nostro sito web<\/p>\n<p>Se trovi un collegamento sul nostro sito Web che \u00e8 offensivo per qualsiasi motivo, sei libero di contattarci e informarci in qualsiasi momento. Prenderemo in considerazione le richieste di rimozione dei collegamenti ma non siamo obbligati a risponderti direttamente.<\/p>\n<p>Non garantiamo che le informazioni su questo sito Web siano corrette, non ne garantiamo la completezza o l&#039;accuratezza; n\u00e9 ci impegniamo a garantire che il sito Web rimanga disponibile o che il materiale sul sito Web sia aggiornato.<br \/>\n<strong>Disclaimer<\/strong><\/p>\n<p>Le informazioni contenute in questo sito Web, comprese trasmissioni e-mail, fax, chiamate, SMS, messaggi terxt, messaggi vocali registrati e qualsiasi altro messaggio \/ supporto associato (di seguito &quot;informazioni&quot;) sono fornite solo a scopo informativo ed educativo. Le informazioni non devono essere interpretate come consigli di investimento \/ trading e non intendono essere una sollecitazione o una raccomandazione ad acquistare, vendere o detenere i titoli menzionati.<\/p>\n<p>Utilizzando questo sito accetti che il sito n\u00e9 i suoi proprietari saranno ritenuti responsabili di eventuali danni o allentamenti causati dall&#039;utilizzo del sito o dalle informazioni in esso contenute.<\/p>\n<p>Nella misura massima consentita dalla legge applicabile, escludiamo tutte le dichiarazioni, garanzie e condizioni relative al nostro sito web e all&#039;uso di questo sito web. Niente in questo disclaimer:<\/p>\n<p>limitare o escludere la nostra o la vostra responsabilit\u00e0 per morte o lesioni personali;<br \/>\nlimitare o escludere la nostra o la vostra responsabilit\u00e0 per frode o falsa dichiarazione fraudolenta;<br \/>\nlimitare le nostre o le vostre responsabilit\u00e0 in qualsiasi modo non consentito dalla legge applicabile; o<br \/>\nescludere qualsiasi nostra o vostra responsabilit\u00e0 che non possa essere esclusa dalla legge applicabile.<br \/>\nLe informazioni sul sito web non sono un consiglio e non devono essere trattate come tali.<br \/>\nNon saremo responsabili nei tuoi confronti in relazione a perdite o danni speciali, indiretti o consequenziali.<\/p>\n<p>Le limitazioni e i divieti di responsabilit\u00e0 stabiliti in questa Sezione e altrove nella presente esclusione di responsabilit\u00e0: (a) sono soggetti al paragrafo precedente; e (b) disciplinano tutte le responsabilit\u00e0 derivanti dalla clausola di esclusione della responsabilit\u00e0, comprese le responsabilit\u00e0 derivanti da contratto, illecito civile e violazione dei doveri legali.<\/p>\n<p>Finch\u00e9 il sito Web e le informazioni ei servizi sul sito Web sono forniti gratuitamente, non saremo responsabili per eventuali perdite o danni di qualsiasi natura.<\/p>\n<\/div>\n\t\t\t\t\t\t<\/div>\n\t\t\t\t<\/div>\n\t\t\t\t\t<\/div>\n\t\t<\/div>\n\t\t\t\t\t<\/div>\n\t\t<\/section>\n\t\t\t\t<\/div>","protected":false},"excerpt":{"rendered":"<p>Termini e Condizioni<\/p>","protected":false},"author":1,"featured_media":0,"parent":0,"menu_order":0,"comment_status":"closed","ping_status":"closed","template":"elementor_header_footer","meta":{"footnotes":""},"class_list":["post-58","page","type-page","status-publish","hentry","entry"],"yoast_head":"<!-- This site is optimized with the Yoast SEO plugin v25.6 - https:\/\/yoast.com\/wordpress\/plugins\/seo\/ -->\n<title>Terms and Conditions - Your Trading Signals Daily Page<\/title>\n<meta name=\"robots\" content=\"index, follow, max-snippet:-1, max-image-preview:large, max-video-preview:-1\" \/>\n<link rel=\"canonical\" href=\"https:\/\/daily-signals.com\/it\/terms-and-conditions\/\" \/>\n<meta property=\"og:locale\" content=\"it_IT\" \/>\n<meta property=\"og:type\" content=\"article\" \/>\n<meta property=\"og:title\" content=\"Terms and Conditions - Your Trading Signals Daily Page\" \/>\n<meta property=\"og:description\" content=\"Terms and Conditions\" \/>\n<meta property=\"og:url\" content=\"https:\/\/daily-signals.com\/it\/terms-and-conditions\/\" \/>\n<meta property=\"og:site_name\" content=\"Your Trading Signals Daily Page\" \/>\n<meta property=\"article:modified_time\" content=\"2020-08-17T18:59:11+00:00\" \/>\n<meta name=\"twitter:card\" content=\"summary_large_image\" \/>\n<script type=\"application\/ld+json\" class=\"yoast-schema-graph\">{\"@context\":\"https:\/\/schema.org\",\"@graph\":[{\"@type\":\"WebPage\",\"@id\":\"https:\/\/daily-signals.com\/terms-and-conditions\/\",\"url\":\"https:\/\/daily-signals.com\/terms-and-conditions\/\",\"name\":\"Terms and Conditions - Your Trading Signals Daily Page\",\"isPartOf\":{\"@id\":\"https:\/\/daily-signals.com\/#website\"},\"datePublished\":\"2020-02-09T12:52:32+00:00\",\"dateModified\":\"2020-08-17T18:59:11+00:00\",\"breadcrumb\":{\"@id\":\"https:\/\/daily-signals.com\/terms-and-conditions\/#breadcrumb\"},\"inLanguage\":\"it-IT\",\"potentialAction\":[{\"@type\":\"ReadAction\",\"target\":[\"https:\/\/daily-signals.com\/terms-and-conditions\/\"]}]},{\"@type\":\"BreadcrumbList\",\"@id\":\"https:\/\/daily-signals.com\/terms-and-conditions\/#breadcrumb\",\"itemListElement\":[{\"@type\":\"ListItem\",\"position\":1,\"name\":\"Home\",\"item\":\"https:\/\/daily-signals.com\/\"},{\"@type\":\"ListItem\",\"position\":2,\"name\":\"Terms and Conditions\"}]},{\"@type\":\"WebSite\",\"@id\":\"https:\/\/daily-signals.com\/#website\",\"url\":\"https:\/\/daily-signals.com\/\",\"name\":\"Your Trading Signals Daily Page\",\"description\":\"Your Trading Signals Daily Page\",\"publisher\":{\"@id\":\"https:\/\/daily-signals.com\/#organization\"},\"potentialAction\":[{\"@type\":\"SearchAction\",\"target\":{\"@type\":\"EntryPoint\",\"urlTemplate\":\"https:\/\/daily-signals.com\/?s={search_term_string}\"},\"query-input\":{\"@type\":\"PropertyValueSpecification\",\"valueRequired\":true,\"valueName\":\"search_term_string\"}}],\"inLanguage\":\"it-IT\"},{\"@type\":\"Organization\",\"@id\":\"https:\/\/daily-signals.com\/#organization\",\"name\":\"Daily Trading Signals\",\"url\":\"https:\/\/daily-signals.com\/\",\"logo\":{\"@type\":\"ImageObject\",\"inLanguage\":\"it-IT\",\"@id\":\"https:\/\/daily-signals.com\/#\/schema\/logo\/image\/\",\"url\":\"https:\/\/daily-signals.com\/wp-content\/uploads\/2020\/02\/trading-daily-signals-logo-2.png\",\"contentUrl\":\"https:\/\/daily-signals.com\/wp-content\/uploads\/2020\/02\/trading-daily-signals-logo-2.png\",\"width\":200,\"height\":200,\"caption\":\"Daily Trading Signals\"},\"image\":{\"@id\":\"https:\/\/daily-signals.com\/#\/schema\/logo\/image\/\"}}]}<\/script>\n<!-- \/ Yoast SEO plugin. -->","yoast_head_json":{"title":"Terms and Conditions - Your Trading Signals Daily Page","robots":{"index":"index","follow":"follow","max-snippet":"max-snippet:-1","max-image-preview":"max-image-preview:large","max-video-preview":"max-video-preview:-1"},"canonical":"https:\/\/daily-signals.com\/it\/terms-and-conditions\/","og_locale":"it_IT","og_type":"article","og_title":"Terms and Conditions - Your Trading Signals Daily Page","og_description":"Terms and Conditions","og_url":"https:\/\/daily-signals.com\/it\/terms-and-conditions\/","og_site_name":"Your Trading Signals Daily Page","article_modified_time":"2020-08-17T18:59:11+00:00","twitter_card":"summary_large_image","schema":{"@context":"https:\/\/schema.org","@graph":[{"@type":"WebPage","@id":"https:\/\/daily-signals.com\/terms-and-conditions\/","url":"https:\/\/daily-signals.com\/terms-and-conditions\/","name":"Terms and Conditions - Your Trading Signals Daily Page","isPartOf":{"@id":"https:\/\/daily-signals.com\/#website"},"datePublished":"2020-02-09T12:52:32+00:00","dateModified":"2020-08-17T18:59:11+00:00","breadcrumb":{"@id":"https:\/\/daily-signals.com\/terms-and-conditions\/#breadcrumb"},"inLanguage":"it-IT","potentialAction":[{"@type":"ReadAction","target":["https:\/\/daily-signals.com\/terms-and-conditions\/"]}]},{"@type":"BreadcrumbList","@id":"https:\/\/daily-signals.com\/terms-and-conditions\/#breadcrumb","itemListElement":[{"@type":"ListItem","position":1,"name":"Home","item":"https:\/\/daily-signals.com\/"},{"@type":"ListItem","position":2,"name":"Terms and Conditions"}]},{"@type":"WebSite","@id":"https:\/\/daily-signals.com\/#website","url":"https:\/\/daily-signals.com\/","name":"La tua pagina giornaliera dei segnali di trading","description":"La tua pagina giornaliera dei segnali di trading","publisher":{"@id":"https:\/\/daily-signals.com\/#organization"},"potentialAction":[{"@type":"SearchAction","target":{"@type":"EntryPoint","urlTemplate":"https:\/\/daily-signals.com\/?s={search_term_string}"},"query-input":{"@type":"PropertyValueSpecification","valueRequired":true,"valueName":"search_term_string"}}],"inLanguage":"it-IT"},{"@type":"Organization","@id":"https:\/\/daily-signals.com\/#organization","name":"Daily Trading Signals","url":"https:\/\/daily-signals.com\/","logo":{"@type":"ImageObject","inLanguage":"it-IT","@id":"https:\/\/daily-signals.com\/#\/schema\/logo\/image\/","url":"https:\/\/daily-signals.com\/wp-content\/uploads\/2020\/02\/trading-daily-signals-logo-2.png","contentUrl":"https:\/\/daily-signals.com\/wp-content\/uploads\/2020\/02\/trading-daily-signals-logo-2.png","width":200,"height":200,"caption":"Daily Trading Signals"},"image":{"@id":"https:\/\/daily-signals.com\/#\/schema\/logo\/image\/"}}]}},"_links":{"self":[{"href":"https:\/\/daily-signals.com\/it\/wp-json\/wp\/v2\/pages\/58","targetHints":{"allow":["GET"]}}],"collection":[{"href":"https:\/\/daily-signals.com\/it\/wp-json\/wp\/v2\/pages"}],"about":[{"href":"https:\/\/daily-signals.com\/it\/wp-json\/wp\/v2\/types\/page"}],"author":[{"embeddable":true,"href":"https:\/\/daily-signals.com\/it\/wp-json\/wp\/v2\/users\/1"}],"replies":[{"embeddable":true,"href":"https:\/\/daily-signals.com\/it\/wp-json\/wp\/v2\/comments?post=58"}],"version-history":[{"count":0,"href":"https:\/\/daily-signals.com\/it\/wp-json\/wp\/v2\/pages\/58\/revisions"}],"wp:attachment":[{"href":"https:\/\/daily-signals.com\/it\/wp-json\/wp\/v2\/media?parent=58"}],"curies":[{"name":"wp","href":"https:\/\/api.w.org\/{rel}","templated":true}]}}