{"id":89,"date":"2020-02-09T13:50:09","date_gmt":"2020-02-09T13:50:09","guid":{"rendered":"https:\/\/daily-signals.com\/?page_id=89"},"modified":"2020-08-14T08:09:24","modified_gmt":"2020-08-14T08:09:24","slug":"about-me","status":"publish","type":"page","link":"https:\/\/daily-signals.com\/it\/about-me\/","title":{"rendered":"Su di me"},"content":{"rendered":"<div data-elementor-type=\"wp-page\" data-elementor-id=\"89\" class=\"elementor elementor-89\" data-elementor-post-type=\"page\">\n\t\t\t\t\t\t<section class=\"elementor-section elementor-top-section elementor-element elementor-element-0bd3e1f elementor-section-boxed elementor-section-height-default elementor-section-height-default\" data-id=\"0bd3e1f\" data-element_type=\"section\">\n\t\t\t\t\t\t<div class=\"elementor-container elementor-column-gap-default\">\n\t\t\t\t\t<div class=\"elementor-column elementor-col-100 elementor-top-column elementor-element elementor-element-7ae1427\" data-id=\"7ae1427\" data-element_type=\"column\">\n\t\t\t<div class=\"elementor-widget-wrap elementor-element-populated\">\n\t\t\t\t\t\t<div class=\"elementor-element elementor-element-cdd4225 elementor-widget elementor-widget-wp-widget-text\" data-id=\"cdd4225\" data-element_type=\"widget\" data-widget_type=\"wp-widget-text.default\">\n\t\t\t\t<div class=\"elementor-widget-container\">\n\t\t\t\t\t\t\t\t<div class=\"textwidget\"><p><img fetchpriority=\"high\" decoding=\"async\" class=\"size-medium wp-image-142 alignleft\" src=\"https:\/\/daily-signals.com\/wp-content\/uploads\/2020\/02\/martin-2.1-259x300.jpg\" alt=\"\" width=\"259\" height=\"300\" srcset=\"https:\/\/daily-signals.com\/wp-content\/uploads\/2020\/02\/martin-2.1-259x300.jpg 259w, https:\/\/daily-signals.com\/wp-content\/uploads\/2020\/02\/martin-2.1.jpg 637w\" sizes=\"(max-width: 259px) 100vw, 259px\" \/><\/p>\n<p class=\"translation-block\">Mi chiamo Martin M. Sono un <a href=\"https:\/\/www.bloombergtv.bg\/s?search=\" target=\"_blank\" rel=\"noopener noreferrer\">analista di mercato per Bloomberg Europe<\/a> , un broker autorizzato (consulente in valuta estera e derivati RG146 autorizzato e certificato) e ho pi\u00f9 di 10 anni di esperienza nel trading e nell&#039;analisi dei mercati.<\/p>\n<p>Ho amato tutto ci\u00f2 che riguarda il Forex e i mercati azionari e ho seguito quello che sta succedendo l\u00ec sin da quando ero al liceo.<\/p>\n<p>Per me \u00e8 tutta questione di disciplina e pazienza se vuoi avere successo come trader. Certo, anche analizzare il mercato e fare i tuoi &quot;compiti&quot; \u00e8 molto importante, ma \u00e8 per questo che siamo qui.<\/p>\n<p>Se hai una buona disciplina di gestione del denaro e stai applicando diversi tipi di analisi, non c&#039;\u00e8 motivo per non fare soldi sul mercato Forex. \u00c8 cos\u00ec semplice.<\/p>\n<p>Sono un consulente autorizzato di Forex e derivati e negli ultimi anni ho lavorato come commentatore e analista Forex per Bloomberg, dove fornisco aggiornamenti di mercato e analizzo i movimenti imminenti pi\u00f9 recenti e potenziali sul mercato.<\/p>\n<p>Ho un team di trader specializzati in diversi asset: criptovalute, materie prime, azioni, ecc.Crediamo nella combinazione di analisi fondamentale e tecnica quando sviluppiamo strategie di trading per i nostri clienti. Se sei interessato a diventare uno di loro premi il pulsante di registrazione e sarai contattato a breve.<\/p>\n<p>Unisciti a me in uno dei miei canali privati per analisti approfonditi. segnali di trading e suggerimenti.<\/p>\n<\/div>\n\t\t\t\t\t\t<\/div>\n\t\t\t\t<\/div>\n\t\t\t\t<div class=\"elementor-element elementor-element-05d4d37 elementor-button-danger elementor-align-center elementor-widget elementor-widget-button\" data-id=\"05d4d37\" data-element_type=\"widget\" data-widget_type=\"button.default\">\n\t\t\t\t<div class=\"elementor-widget-container\">\n\t\t\t\t\t\t\t\t\t<div class=\"elementor-button-wrapper\">\n\t\t\t\t\t<a class=\"elementor-button elementor-button-link elementor-size-sm elementor-animation-pulse\" href=\"https:\/\/daily-signals.com\/it\/#form\">\n\t\t\t\t\t\t<span class=\"elementor-button-content-wrapper\">\n\t\t\t\t\t\t\t\t\t<span class=\"elementor-button-text\">Dimmi di pi\u00f9<\/span>\n\t\t\t\t\t<\/span>\n\t\t\t\t\t<\/a>\n\t\t\t\t<\/div>\n\t\t\t\t\t\t\t\t<\/div>\n\t\t\t\t<\/div>\n\t\t\t\t\t<\/div>\n\t\t<\/div>\n\t\t\t\t\t<\/div>\n\t\t<\/section>\n\t\t\t\t<section class=\"elementor-section elementor-top-section elementor-element elementor-element-387a972 elementor-section-boxed elementor-section-height-default elementor-section-height-default\" data-id=\"387a972\" data-element_type=\"section\">\n\t\t\t\t\t\t<div class=\"elementor-container elementor-column-gap-default\">\n\t\t\t\t\t<div class=\"elementor-column elementor-col-100 elementor-top-column elementor-element elementor-element-5895f95\" data-id=\"5895f95\" data-element_type=\"column\">\n\t\t\t<div class=\"elementor-widget-wrap elementor-element-populated\">\n\t\t\t\t\t\t<div class=\"elementor-element elementor-element-c10c624 elementor-widget elementor-widget-gallery\" data-id=\"c10c624\" data-element_type=\"widget\" data-settings=\"{&quot;link_to&quot;:&quot;custom&quot;,&quot;url&quot;:{&quot;url&quot;:&quot;https:\\\/\\\/www.bloombergtv.bg\\\/a\\\/17-v-razvitie\\\/44775-rusiya-postavi-okonchatelno-kraya-na-sayuza-opek&quot;,&quot;is_external&quot;:&quot;on&quot;,&quot;nofollow&quot;:&quot;on&quot;,&quot;custom_attributes&quot;:&quot;&quot;},&quot;lazyload&quot;:&quot;yes&quot;,&quot;gallery_layout&quot;:&quot;grid&quot;,&quot;columns&quot;:4,&quot;columns_tablet&quot;:2,&quot;columns_mobile&quot;:1,&quot;gap&quot;:{&quot;unit&quot;:&quot;px&quot;,&quot;size&quot;:10,&quot;sizes&quot;:[]},&quot;gap_tablet&quot;:{&quot;unit&quot;:&quot;px&quot;,&quot;size&quot;:10,&quot;sizes&quot;:[]},&quot;gap_mobile&quot;:{&quot;unit&quot;:&quot;px&quot;,&quot;size&quot;:10,&quot;sizes&quot;:[]},&quot;aspect_ratio&quot;:&quot;3:2&quot;,&quot;overlay_background&quot;:&quot;yes&quot;,&quot;content_hover_animation&quot;:&quot;fade-in&quot;}\" data-widget_type=\"gallery.default\">\n\t\t\t\t<div class=\"elementor-widget-container\">\n\t\t\t\t\t\t\t<div class=\"elementor-gallery__container\">\n\t\t\t\t\t\t\t<a class=\"e-gallery-item elementor-gallery-item elementor-animated-content\" href=\"https:\/\/www.bloombergtv.bg\/a\/17-v-razvitie\/44775-rusiya-postavi-okonchatelno-kraya-na-sayuza-opek\" target=\"_blank\" rel=\"nofollow\">\n\t\t\t\t\t<div class=\"e-gallery-image elementor-gallery-item__image\" data-thumbnail=\"https:\/\/daily-signals.com\/wp-content\/uploads\/2020\/02\/martin-1.1-300x182.jpg\" data-width=\"300\" data-height=\"182\" aria-label=\"\" role=\"img\" ><\/div>\n\t\t\t\t\t\t\t\t\t\t\t<div class=\"elementor-gallery-item__overlay\"><\/div>\n\t\t\t\t\t\t\t\t\t\t\t\t\t\t<\/a>\n\t\t\t\t\t\t\t<a class=\"e-gallery-item elementor-gallery-item elementor-animated-content\" href=\"https:\/\/www.bloombergtv.bg\/a\/17-v-razvitie\/44775-rusiya-postavi-okonchatelno-kraya-na-sayuza-opek\" target=\"_blank\" rel=\"nofollow\">\n\t\t\t\t\t<div class=\"e-gallery-image elementor-gallery-item__image\" data-thumbnail=\"https:\/\/daily-signals.com\/wp-content\/uploads\/2020\/02\/martin-4.1-300x184.jpg\" data-width=\"300\" data-height=\"184\" aria-label=\"\" role=\"img\" ><\/div>\n\t\t\t\t\t\t\t\t\t\t\t<div class=\"elementor-gallery-item__overlay\"><\/div>\n\t\t\t\t\t\t\t\t\t\t\t\t\t\t<\/a>\n\t\t\t\t\t\t\t<a class=\"e-gallery-item elementor-gallery-item elementor-animated-content\" href=\"https:\/\/www.bloombergtv.bg\/a\/17-v-razvitie\/44775-rusiya-postavi-okonchatelno-kraya-na-sayuza-opek\" target=\"_blank\" rel=\"nofollow\">\n\t\t\t\t\t<div class=\"e-gallery-image elementor-gallery-item__image\" data-thumbnail=\"https:\/\/daily-signals.com\/wp-content\/uploads\/2020\/02\/martin-3.1-300x167.jpg\" data-width=\"300\" data-height=\"167\" aria-label=\"\" role=\"img\" ><\/div>\n\t\t\t\t\t\t\t\t\t\t\t<div class=\"elementor-gallery-item__overlay\"><\/div>\n\t\t\t\t\t\t\t\t\t\t\t\t\t\t<\/a>\n\t\t\t\t\t\t\t<a class=\"e-gallery-item elementor-gallery-item elementor-animated-content\" href=\"https:\/\/www.bloombergtv.bg\/a\/17-v-razvitie\/44775-rusiya-postavi-okonchatelno-kraya-na-sayuza-opek\" target=\"_blank\" rel=\"nofollow\">\n\t\t\t\t\t<div class=\"e-gallery-image elementor-gallery-item__image\" data-thumbnail=\"https:\/\/daily-signals.com\/wp-content\/uploads\/2020\/02\/martin-2.1-259x300.jpg\" data-width=\"259\" data-height=\"300\" aria-label=\"\" role=\"img\" ><\/div>\n\t\t\t\t\t\t\t\t\t\t\t<div class=\"elementor-gallery-item__overlay\"><\/div>\n\t\t\t\t\t\t\t\t\t\t\t\t\t\t<\/a>\n\t\t\t\t\t<\/div>\n\t\t\t\t\t<\/div>\n\t\t\t\t<\/div>\n\t\t\t\t\t<\/div>\n\t\t<\/div>\n\t\t\t\t\t<\/div>\n\t\t<\/section>\n\t\t\t\t<section class=\"elementor-section elementor-top-section elementor-element elementor-element-a5f7532 elementor-section-boxed elementor-section-height-default elementor-section-height-default\" data-id=\"a5f7532\" data-element_type=\"section\">\n\t\t\t\t\t\t<div class=\"elementor-container elementor-column-gap-default\">\n\t\t\t\t\t<div class=\"elementor-column elementor-col-100 elementor-top-column elementor-element elementor-element-8ddc091\" data-id=\"8ddc091\" data-element_type=\"column\">\n\t\t\t<div class=\"elementor-widget-wrap elementor-element-populated\">\n\t\t\t\t\t\t<div class=\"elementor-element elementor-element-91e45ad elementor-widget elementor-widget-html\" data-id=\"91e45ad\" data-element_type=\"widget\" data-widget_type=\"html.default\">\n\t\t\t\t<div class=\"elementor-widget-container\">\n\t\t\t\t\t<iframe src=\"https:\/\/www.bloombergtv.bg\/s?search=%D0%9C%D0%B8%D1%82%D1%80%D0%B5%D0%BD%D1%86%D0%B5%D0%B2\" height=\"500\" width=\"300\"><\/iframe> \t\t\t\t<\/div>\n\t\t\t\t<\/div>\n\t\t\t\t\t<\/div>\n\t\t<\/div>\n\t\t\t\t\t<\/div>\n\t\t<\/section>\n\t\t\t\t<\/div>","protected":false},"excerpt":{"rendered":"<p>Dimmi di pi\u00f9<\/p>","protected":false},"author":1,"featured_media":0,"parent":0,"menu_order":0,"comment_status":"closed","ping_status":"closed","template":"","meta":{"footnotes":""},"class_list":["post-89","page","type-page","status-publish","hentry","entry"],"yoast_head":"<!-- This site is optimized with the Yoast SEO plugin v25.6 - https:\/\/yoast.com\/wordpress\/plugins\/seo\/ -->\n<title>About Me - Your Trading Signals Daily Page<\/title>\n<meta name=\"robots\" content=\"index, follow, max-snippet:-1, max-image-preview:large, max-video-preview:-1\" \/>\n<link rel=\"canonical\" href=\"https:\/\/daily-signals.com\/it\/about-me\/\" \/>\n<meta property=\"og:locale\" content=\"it_IT\" \/>\n<meta property=\"og:type\" content=\"article\" \/>\n<meta property=\"og:title\" content=\"About Me - Your Trading Signals Daily Page\" \/>\n<meta property=\"og:description\" content=\"Tell Me More\" \/>\n<meta property=\"og:url\" content=\"https:\/\/daily-signals.com\/it\/about-me\/\" \/>\n<meta property=\"og:site_name\" content=\"Your Trading Signals Daily Page\" \/>\n<meta property=\"article:modified_time\" content=\"2020-08-14T08:09:24+00:00\" \/>\n<meta name=\"twitter:card\" content=\"summary_large_image\" \/>\n<script type=\"application\/ld+json\" class=\"yoast-schema-graph\">{\"@context\":\"https:\/\/schema.org\",\"@graph\":[{\"@type\":\"WebPage\",\"@id\":\"https:\/\/daily-signals.com\/about-me\/\",\"url\":\"https:\/\/daily-signals.com\/about-me\/\",\"name\":\"About Me - Your Trading Signals Daily Page\",\"isPartOf\":{\"@id\":\"https:\/\/daily-signals.com\/#website\"},\"datePublished\":\"2020-02-09T13:50:09+00:00\",\"dateModified\":\"2020-08-14T08:09:24+00:00\",\"breadcrumb\":{\"@id\":\"https:\/\/daily-signals.com\/about-me\/#breadcrumb\"},\"inLanguage\":\"it-IT\",\"potentialAction\":[{\"@type\":\"ReadAction\",\"target\":[\"https:\/\/daily-signals.com\/about-me\/\"]}]},{\"@type\":\"BreadcrumbList\",\"@id\":\"https:\/\/daily-signals.com\/about-me\/#breadcrumb\",\"itemListElement\":[{\"@type\":\"ListItem\",\"position\":1,\"name\":\"Home\",\"item\":\"https:\/\/daily-signals.com\/\"},{\"@type\":\"ListItem\",\"position\":2,\"name\":\"About Me\"}]},{\"@type\":\"WebSite\",\"@id\":\"https:\/\/daily-signals.com\/#website\",\"url\":\"https:\/\/daily-signals.com\/\",\"name\":\"Your Trading Signals Daily Page\",\"description\":\"Your Trading Signals Daily Page\",\"publisher\":{\"@id\":\"https:\/\/daily-signals.com\/#organization\"},\"potentialAction\":[{\"@type\":\"SearchAction\",\"target\":{\"@type\":\"EntryPoint\",\"urlTemplate\":\"https:\/\/daily-signals.com\/?s={search_term_string}\"},\"query-input\":{\"@type\":\"PropertyValueSpecification\",\"valueRequired\":true,\"valueName\":\"search_term_string\"}}],\"inLanguage\":\"it-IT\"},{\"@type\":\"Organization\",\"@id\":\"https:\/\/daily-signals.com\/#organization\",\"name\":\"Daily Trading Signals\",\"url\":\"https:\/\/daily-signals.com\/\",\"logo\":{\"@type\":\"ImageObject\",\"inLanguage\":\"it-IT\",\"@id\":\"https:\/\/daily-signals.com\/#\/schema\/logo\/image\/\",\"url\":\"https:\/\/daily-signals.com\/wp-content\/uploads\/2020\/02\/trading-daily-signals-logo-2.png\",\"contentUrl\":\"https:\/\/daily-signals.com\/wp-content\/uploads\/2020\/02\/trading-daily-signals-logo-2.png\",\"width\":200,\"height\":200,\"caption\":\"Daily Trading Signals\"},\"image\":{\"@id\":\"https:\/\/daily-signals.com\/#\/schema\/logo\/image\/\"}}]}<\/script>\n<!-- \/ Yoast SEO plugin. -->","yoast_head_json":{"title":"About Me - Your Trading Signals Daily Page","robots":{"index":"index","follow":"follow","max-snippet":"max-snippet:-1","max-image-preview":"max-image-preview:large","max-video-preview":"max-video-preview:-1"},"canonical":"https:\/\/daily-signals.com\/it\/about-me\/","og_locale":"it_IT","og_type":"article","og_title":"About Me - Your Trading Signals Daily Page","og_description":"Tell Me More","og_url":"https:\/\/daily-signals.com\/it\/about-me\/","og_site_name":"Your Trading Signals Daily Page","article_modified_time":"2020-08-14T08:09:24+00:00","twitter_card":"summary_large_image","schema":{"@context":"https:\/\/schema.org","@graph":[{"@type":"WebPage","@id":"https:\/\/daily-signals.com\/about-me\/","url":"https:\/\/daily-signals.com\/about-me\/","name":"About Me - Your Trading Signals Daily Page","isPartOf":{"@id":"https:\/\/daily-signals.com\/#website"},"datePublished":"2020-02-09T13:50:09+00:00","dateModified":"2020-08-14T08:09:24+00:00","breadcrumb":{"@id":"https:\/\/daily-signals.com\/about-me\/#breadcrumb"},"inLanguage":"it-IT","potentialAction":[{"@type":"ReadAction","target":["https:\/\/daily-signals.com\/about-me\/"]}]},{"@type":"BreadcrumbList","@id":"https:\/\/daily-signals.com\/about-me\/#breadcrumb","itemListElement":[{"@type":"ListItem","position":1,"name":"Home","item":"https:\/\/daily-signals.com\/"},{"@type":"ListItem","position":2,"name":"About Me"}]},{"@type":"WebSite","@id":"https:\/\/daily-signals.com\/#website","url":"https:\/\/daily-signals.com\/","name":"La tua pagina giornaliera dei segnali di trading","description":"La tua pagina giornaliera dei segnali di trading","publisher":{"@id":"https:\/\/daily-signals.com\/#organization"},"potentialAction":[{"@type":"SearchAction","target":{"@type":"EntryPoint","urlTemplate":"https:\/\/daily-signals.com\/?s={search_term_string}"},"query-input":{"@type":"PropertyValueSpecification","valueRequired":true,"valueName":"search_term_string"}}],"inLanguage":"it-IT"},{"@type":"Organization","@id":"https:\/\/daily-signals.com\/#organization","name":"Daily Trading Signals","url":"https:\/\/daily-signals.com\/","logo":{"@type":"ImageObject","inLanguage":"it-IT","@id":"https:\/\/daily-signals.com\/#\/schema\/logo\/image\/","url":"https:\/\/daily-signals.com\/wp-content\/uploads\/2020\/02\/trading-daily-signals-logo-2.png","contentUrl":"https:\/\/daily-signals.com\/wp-content\/uploads\/2020\/02\/trading-daily-signals-logo-2.png","width":200,"height":200,"caption":"Daily Trading Signals"},"image":{"@id":"https:\/\/daily-signals.com\/#\/schema\/logo\/image\/"}}]}},"_links":{"self":[{"href":"https:\/\/daily-signals.com\/it\/wp-json\/wp\/v2\/pages\/89","targetHints":{"allow":["GET"]}}],"collection":[{"href":"https:\/\/daily-signals.com\/it\/wp-json\/wp\/v2\/pages"}],"about":[{"href":"https:\/\/daily-signals.com\/it\/wp-json\/wp\/v2\/types\/page"}],"author":[{"embeddable":true,"href":"https:\/\/daily-signals.com\/it\/wp-json\/wp\/v2\/users\/1"}],"replies":[{"embeddable":true,"href":"https:\/\/daily-signals.com\/it\/wp-json\/wp\/v2\/comments?post=89"}],"version-history":[{"count":0,"href":"https:\/\/daily-signals.com\/it\/wp-json\/wp\/v2\/pages\/89\/revisions"}],"wp:attachment":[{"href":"https:\/\/daily-signals.com\/it\/wp-json\/wp\/v2\/media?parent=89"}],"curies":[{"name":"wp","href":"https:\/\/api.w.org\/{rel}","templated":true}]}}